{"id":3765,"date":"2024-01-24T17:04:46","date_gmt":"2024-01-24T17:04:46","guid":{"rendered":"https:\/\/lacasadelamaestra.com\/?page_id=3765"},"modified":"2026-01-12T12:42:57","modified_gmt":"2026-01-12T12:42:57","slug":"encuentros-de-formacion","status":"publish","type":"page","link":"https:\/\/lacasadelamaestra.com\/es\/encuentros-de-formacion\/","title":{"rendered":"Sobre nuestros encuentros"},"content":{"rendered":"<div class='flex_column av-5cag5h-c8c21f91c009b2546b63bd8a92fbf671 av_one_half  avia-builder-el-0  el_before_av_one_half  avia-builder-el-first  first flex_column_div '   ><style type=\"text\/css\" data-created_by=\"avia_inline_auto\" id=\"style-css-av-lrs17pys-eeb0a6e5542857b73001ee5a690e5571\">\n.avia-image-container.av-lrs17pys-eeb0a6e5542857b73001ee5a690e5571 .av-image-caption-overlay-center{\ncolor:#ffffff;\n}\n<\/style>\n<div  class='avia-image-container av-lrs17pys-eeb0a6e5542857b73001ee5a690e5571 av-styling- avia-align-center  avia-builder-el-1  avia-builder-el-no-sibling '  itemprop=\"image\" itemscope=\"itemscope\" itemtype=\"https:\/\/schema.org\/ImageObject\" ><div class=\"avia-image-container-inner\"><div class=\"avia-image-overlay-wrap\"><img decoding=\"async\" class='wp-image-4121 avia-img-lazy-loading-not-4121 avia_image' src=\"https:\/\/i0.wp.com\/lacasadelamaestra.com\/wp-content\/uploads\/2024\/03\/IMG_2395-scaled.jpeg?fit=1920%2C2560&ssl=1\" alt='' title='IMG_2395'  height=\"2560\" width=\"1920\"  itemprop=\"thumbnailUrl\" srcset=\"https:\/\/i0.wp.com\/lacasadelamaestra.com\/wp-content\/uploads\/2024\/03\/IMG_2395-scaled.jpeg?w=1920&amp;ssl=1 1920w, https:\/\/i0.wp.com\/lacasadelamaestra.com\/wp-content\/uploads\/2024\/03\/IMG_2395-scaled.jpeg?resize=225%2C300&amp;ssl=1 225w, https:\/\/i0.wp.com\/lacasadelamaestra.com\/wp-content\/uploads\/2024\/03\/IMG_2395-scaled.jpeg?resize=773%2C1030&amp;ssl=1 773w, https:\/\/i0.wp.com\/lacasadelamaestra.com\/wp-content\/uploads\/2024\/03\/IMG_2395-scaled.jpeg?resize=768%2C1024&amp;ssl=1 768w, https:\/\/i0.wp.com\/lacasadelamaestra.com\/wp-content\/uploads\/2024\/03\/IMG_2395-scaled.jpeg?resize=1152%2C1536&amp;ssl=1 1152w, https:\/\/i0.wp.com\/lacasadelamaestra.com\/wp-content\/uploads\/2024\/03\/IMG_2395-scaled.jpeg?resize=1536%2C2048&amp;ssl=1 1536w, https:\/\/i0.wp.com\/lacasadelamaestra.com\/wp-content\/uploads\/2024\/03\/IMG_2395-scaled.jpeg?resize=1125%2C1500&amp;ssl=1 1125w, https:\/\/i0.wp.com\/lacasadelamaestra.com\/wp-content\/uploads\/2024\/03\/IMG_2395-scaled.jpeg?resize=529%2C705&amp;ssl=1 529w\" sizes=\"(max-width: 1500px) 100vw, 1500px\" \/><\/div><\/div><\/div><\/div>\n<div class='flex_column av-4y6wjp-b5c674e40d30e85b83a0bf3694f2e230 av_one_half  avia-builder-el-2  el_after_av_one_half  el_before_av_one_full  flex_column_div '   ><section  class='av_textblock_section av-lrs15j05-b4bc44fea8dbbb46896f7999dc7cbe17'  itemscope=\"itemscope\" itemtype=\"https:\/\/schema.org\/CreativeWork\" ><div class='avia_textblock'  itemprop=\"text\" ><h1>Cursos en preparaci\u00f3n<\/h1>\n<\/div><\/section><br \/>\n\n<style type=\"text\/css\" data-created_by=\"avia_inline_auto\" id=\"style-css-av-lrs15v6r-bc4165b337016e3f6ee9950cbd9caad5\">\n#top .hr.hr-invisible.av-lrs15v6r-bc4165b337016e3f6ee9950cbd9caad5{\nheight:10px;\n}\n<\/style>\n<div  class='hr av-lrs15v6r-bc4165b337016e3f6ee9950cbd9caad5 hr-invisible  avia-builder-el-4  el_after_av_textblock  el_before_av_textblock '><span class='hr-inner '><span class=\"hr-inner-style\"><\/span><\/span><\/div><br \/>\n<section  class='av_textblock_section av-lrs169xx-80ac7656e99ba6378b062a467196bdf7'  itemscope=\"itemscope\" itemtype=\"https:\/\/schema.org\/CreativeWork\" ><div class='avia_textblock'  itemprop=\"text\" ><ol>\n<li>El noble oficio de la educaci\u00f3n. Jaime Buhigas<\/li>\n<li>La trampa de la autoestima en la era de la autoayuda. Antonio Galindo<\/li>\n<li>Ense\u00f1ar matem\u00e1ticas desde el cerebro del que aprende: Jose Antonio Fernandez Bravo.<\/li>\n<li>La casa, escuela de la vida. Jaime Buhigas<\/li>\n<li>Filosof\u00eda y neurociencia para entender.<\/li>\n<li>Huerto y filosof\u00eda para educar. Jos\u00e9 Borrel<\/li>\n<li>Los n\u00fameros perfectos y la proporci\u00f3n \u00e1urea. Jaime Buhigas<\/li>\n<li>\u00bf De qu\u00e9 sirve saber cuando no podemos imaginar el futuro?. Bel\u00e9n Gopegui.<\/li>\n<li>Aprender a mirar. La fotograf\u00eda en la escuela. Nacho Castellano.<\/li>\n<li>La ILE y nosotros los maestros. Guadalupe Lorente<\/li>\n<li>Po\u00e9tica y poes\u00eda de la vida y de la muerte. Juan Abeleira<\/li>\n<li>M\u00fasica y escuela. Victor Mourelle<\/li>\n<li>La performatividad en el aula. Jaime Vallaure<\/li>\n<li>Inclusi\u00f3n\u201d en la escuela; Inclusi\u00f3n en la vida. Juanjo San Gil<\/li>\n<li>Teatro para la vida. Mario Serrano<\/li>\n<li>El dise\u00f1o y el difraz. Sara D\u00ede<\/li>\n<li>El arte de contar historias. Mar Romera<\/li>\n<li>El Color. Teresa de la Vega<\/li>\n<li>Escalada y escuela. Roberto Albornoz<\/li>\n<li>Tolstoi, Chejov y otros ni\u00f1os de mi clase. Sonsoles Castellano<\/li>\n<\/ol>\n<p><em>\u00abQuien escribe, teje. Al fin y al cabo, texto viene del latin textum, que significa tejido. Con hilos de palabras vamos diciendo, con hilos de tiempo, vamos viviendo: los textos son, como nosotros, tejidos que andan\u00bb. Eduardo Galeano<\/em><\/p>\n<\/div><\/section><br \/>\n<section  class='av_textblock_section av-ltdfwzdh-32e7b0de55f00c242a8889cb112c2d64'  itemscope=\"itemscope\" itemtype=\"https:\/\/schema.org\/CreativeWork\" ><div class='avia_textblock'  itemprop=\"text\" ><p>Si est\u00e1s interesada\/o en alguno de estos cursos, escr\u00edbenos a info@lacasadelamaestra.com o a trav\u00e9s del formulario de contacto y te informaremos de las fechas previstas.<\/p>\n<\/div><\/section><\/p><\/div>\n<div class='flex_column av-2v4cvp-050914a2f365c28a877d11e49efae6c5 av_one_full  avia-builder-el-7  el_after_av_one_half  avia-builder-el-last  first flex_column_div column-top-margin'   ><section  class='av_textblock_section av-lt61z2k6-1268165a0c6a2a14cc4ef3327a1a0081'  itemscope=\"itemscope\" itemtype=\"https:\/\/schema.org\/CreativeWork\" ><div class='avia_textblock'  itemprop=\"text\" ><h1>Metodolog\u00eda<\/h1>\n<p>\u00abEducar no es dar carrera para vivir, sino templar el alma para las dificultades de la vida\u00bb.\u00a0 \u00a0 \u00a0Pit\u00e1goras<\/p>\n<\/div><\/section><br \/>\n<section  class='av_textblock_section av-lsrjc5ex-a04c61a22a4744977d7b5533e18462fc'  itemscope=\"itemscope\" itemtype=\"https:\/\/schema.org\/CreativeWork\" ><div class='avia_textblock'  itemprop=\"text\" ><p>En el formato de 2 NOCHES 3 D\u00cdAS, combinando actividad formativa y reflexi\u00f3n, con experiencias culturales, art\u00edsticas y gastron\u00f3micas:<\/p>\n<ul>\n<li>El programa de actividades de ense\u00f1anza-aprendizaje,\u00a0 se articular\u00e1 en cada ocasi\u00f3n, en torno a un eje concreto, (enunciado en el T\u00cdTULO DEL CURSO\u2026). En ocasiones ser\u00e1 sobre la presentaci\u00f3n de un LIBRO donde el ponente ser\u00e1 el autor). Independientemente del tema elegido como eje, en todos los programas se incluir\u00e1n:<\/li>\n<\/ul>\n<p>&#8211;\u00a0 SESIONES FORMATIVAS sobre pedagog\u00eda y filosof\u00eda educativa.<\/p>\n<p>&#8211;\u00a0 PROPUESTAS de desarrollo personal.<\/p>\n<p>&#8211;\u00a0 TALLERES de aprendizaje, donde en funci\u00f3n del tema se elegir\u00e1 entre:<\/p>\n<ol>\n<li>trabajo en el huerto o en la granja<\/li>\n<li>sendas ecol\u00f3gicas<\/li>\n<li>navegaci\u00f3n por la r\u00eda<\/li>\n<li>talleres de teatro\/ poes\u00eda\/ escritura<\/li>\n<li>talleres de cocina\/ hacer papel\/hacer velas<\/li>\n<\/ol>\n<p>* cada actividad contar\u00e1 con sus propios especialistas<\/p>\n<p style=\"text-align: justify;\">La gran mayor\u00eda de los ponentes proceden del claustro de profesores de ENAP www.ensenaraaprender.es<\/p>\n<p>Inscripciones: www.fundacionsanpatricio.org<\/p>\n<\/div><\/section><br \/>\n\n<style type=\"text\/css\" data-created_by=\"avia_inline_auto\" id=\"style-css-av-32ukb9-5537548184372d82b414a24c94f454d4\">\n#top .hr.hr-invisible.av-32ukb9-5537548184372d82b414a24c94f454d4{\nheight:10px;\n}\n<\/style>\n<div  class='hr av-32ukb9-5537548184372d82b414a24c94f454d4 hr-invisible  avia-builder-el-10  el_after_av_textblock  el_before_av_button '><span class='hr-inner '><span class=\"hr-inner-style\"><\/span><\/span><\/div><br \/>\n<div  class='avia-button-wrap avia-button-center  avia-builder-el-11  el_after_av_hr  avia-builder-el-last ' ><a href='https:\/\/lacasadelamaestra.com\/es\/proximos-cursos\/'  class='avia-button av-lrs1ccyz-15f2b1e43f5c458a6e47d9197f7ad080 avia-icon_select-no avia-size-medium avia-position-center avia-color-theme-color-highlight' ><span class='avia_iconbox_title' >Pr\u00f3ximos cursos programados<\/span><\/a><\/div><\/p><\/div>\n","protected":false},"excerpt":{"rendered":"","protected":false},"author":3,"featured_media":0,"parent":0,"menu_order":0,"comment_status":"closed","ping_status":"closed","template":"","meta":{"footnotes":""},"class_list":["post-3765","page","type-page","status-publish","hentry"],"_links":{"self":[{"href":"https:\/\/lacasadelamaestra.com\/es\/wp-json\/wp\/v2\/pages\/3765","targetHints":{"allow":["GET"]}}],"collection":[{"href":"https:\/\/lacasadelamaestra.com\/es\/wp-json\/wp\/v2\/pages"}],"about":[{"href":"https:\/\/lacasadelamaestra.com\/es\/wp-json\/wp\/v2\/types\/page"}],"author":[{"embeddable":true,"href":"https:\/\/lacasadelamaestra.com\/es\/wp-json\/wp\/v2\/users\/3"}],"replies":[{"embeddable":true,"href":"https:\/\/lacasadelamaestra.com\/es\/wp-json\/wp\/v2\/comments?post=3765"}],"version-history":[{"count":1,"href":"https:\/\/lacasadelamaestra.com\/es\/wp-json\/wp\/v2\/pages\/3765\/revisions"}],"predecessor-version":[{"id":5375,"href":"https:\/\/lacasadelamaestra.com\/es\/wp-json\/wp\/v2\/pages\/3765\/revisions\/5375"}],"wp:attachment":[{"href":"https:\/\/lacasadelamaestra.com\/es\/wp-json\/wp\/v2\/media?parent=3765"}],"curies":[{"name":"wp","href":"https:\/\/api.w.org\/{rel}","templated":true}]}}