{"id":3759,"date":"2024-01-24T16:54:17","date_gmt":"2024-01-24T16:54:17","guid":{"rendered":"https:\/\/lacasadelamaestra.com\/?page_id=3759"},"modified":"2026-01-12T12:42:54","modified_gmt":"2026-01-12T12:42:54","slug":"inspiracion-y-fundamentacion","status":"publish","type":"page","link":"https:\/\/lacasadelamaestra.com\/es\/inspiracion-y-fundamentacion\/","title":{"rendered":"Inspiraci\u00f3n y fundamentaci\u00f3n"},"content":{"rendered":"<div class='flex_column av-4tgia7-c64a517f3d108a7f730a0aa6818ad153 av_one_half  avia-builder-el-0  el_before_av_one_half  avia-builder-el-first  first flex_column_div '   ><style type=\"text\/css\" data-created_by=\"avia_inline_auto\" id=\"style-css-av-lrs0whnl-3bbf89183cdb874b62bf963af742cde6\">\n.avia-image-container.av-lrs0whnl-3bbf89183cdb874b62bf963af742cde6 .av-image-caption-overlay-center{\ncolor:#ffffff;\n}\n<\/style>\n<div  class='avia-image-container av-lrs0whnl-3bbf89183cdb874b62bf963af742cde6 av-styling- avia-align-center  avia-builder-el-1  avia-builder-el-no-sibling '  itemprop=\"image\" itemscope=\"itemscope\" itemtype=\"https:\/\/schema.org\/ImageObject\" ><div class=\"avia-image-container-inner\"><div class=\"avia-image-overlay-wrap\"><img decoding=\"async\" class='wp-image-3937 avia-img-lazy-loading-not-3937 avia_image' src=\"https:\/\/i0.wp.com\/lacasadelamaestra.com\/wp-content\/uploads\/2024\/02\/IMG_1895-2-1.jpg?fit=1451%2C1451&ssl=1\" alt='' title='IMG_1895 2'  height=\"1451\" width=\"1451\"  itemprop=\"thumbnailUrl\" srcset=\"https:\/\/i0.wp.com\/lacasadelamaestra.com\/wp-content\/uploads\/2024\/02\/IMG_1895-2-1.jpg?w=1451&amp;ssl=1 1451w, https:\/\/i0.wp.com\/lacasadelamaestra.com\/wp-content\/uploads\/2024\/02\/IMG_1895-2-1.jpg?resize=300%2C300&amp;ssl=1 300w, https:\/\/i0.wp.com\/lacasadelamaestra.com\/wp-content\/uploads\/2024\/02\/IMG_1895-2-1.jpg?resize=1030%2C1030&amp;ssl=1 1030w, https:\/\/i0.wp.com\/lacasadelamaestra.com\/wp-content\/uploads\/2024\/02\/IMG_1895-2-1.jpg?resize=80%2C80&amp;ssl=1 80w, https:\/\/i0.wp.com\/lacasadelamaestra.com\/wp-content\/uploads\/2024\/02\/IMG_1895-2-1.jpg?resize=768%2C768&amp;ssl=1 768w, https:\/\/i0.wp.com\/lacasadelamaestra.com\/wp-content\/uploads\/2024\/02\/IMG_1895-2-1.jpg?resize=36%2C36&amp;ssl=1 36w, https:\/\/i0.wp.com\/lacasadelamaestra.com\/wp-content\/uploads\/2024\/02\/IMG_1895-2-1.jpg?resize=180%2C180&amp;ssl=1 180w, https:\/\/i0.wp.com\/lacasadelamaestra.com\/wp-content\/uploads\/2024\/02\/IMG_1895-2-1.jpg?resize=705%2C705&amp;ssl=1 705w\" sizes=\"(max-width: 1451px) 100vw, 1451px\" \/><\/div><\/div><\/div><\/div>\n<div class='flex_column av-1uj21b-901d2610a1b42613a5f3929085c708ce av_one_half  avia-builder-el-2  el_after_av_one_half  el_before_av_hr  flex_column_div '   ><section  class='av_textblock_section av-lrs0ouo0-1cd71034d3b5a89a2977c7e9132ae230'  itemscope=\"itemscope\" itemtype=\"https:\/\/schema.org\/CreativeWork\" ><div class='avia_textblock'  itemprop=\"text\" ><h1>Inspiraci\u00f3n y fundamentaci\u00f3n<\/h1>\n<\/div><\/section><br \/>\n\n<style type=\"text\/css\" data-created_by=\"avia_inline_auto\" id=\"style-css-av-lrs0p41p-3ca75c9b642c8ba0fab731c1a467a9a4\">\n#top .hr.hr-invisible.av-lrs0p41p-3ca75c9b642c8ba0fab731c1a467a9a4{\nheight:10px;\n}\n<\/style>\n<div  class='hr av-lrs0p41p-3ca75c9b642c8ba0fab731c1a467a9a4 hr-invisible  avia-builder-el-4  el_after_av_textblock  el_before_av_textblock '><span class='hr-inner '><span class=\"hr-inner-style\"><\/span><\/span><\/div><br \/>\n<section  class='av_textblock_section av-lrs0sa9o-57eaf85e3ec7703cbdf1b9c980d84ade'  itemscope=\"itemscope\" itemtype=\"https:\/\/schema.org\/CreativeWork\" ><div class='avia_textblock'  itemprop=\"text\" ><p style=\"text-align: justify;\">La Casa de la Maestra es un proyecto creado por docentes, para reflexionar sobre c\u00f3mo aprendemos. Metacognici\u00f3n en estado puro; en un entorno privilegiado que permite realizar diferentes actividades, vamos a profundizar en los pilares b\u00e1sicos de los modelos educativos:<\/p>\n<p style=\"text-align: center;\"><strong>Comunicaci\u00f3n, Autonom\u00eda y Relaci\u00f3n<\/strong><\/p>\n<p style=\"text-align: justify;\">Un lugar donde cada asistente pueda contribuir a reelaborar su pr\u00e1ctica educativa, en un clima de relaciones cordiales pero profundas, de estimada reciprocidad, que no borre las discrepancias, entendidas como riqueza,\u00a0 y que estimule la incansable labor reflexiva que debe desarrollar cualquier Maestro.<\/p>\n<p style=\"text-align: justify;\">Existe una corriente en la actualidad que nos empuja a prepararnos y preparar a nuestros alumnos para vivir el futuro y, mientras tanto, ellos y nosotros, nos perdernos el presente.<\/p>\n<p style=\"text-align: justify;\">Queremos recuperar en la escuela la aspiraci\u00f3n a un \u00fanico prop\u00f3sito, <strong>contribuir al mundo. <\/strong>Con este prop\u00f3sito en mente, hemos dise\u00f1ado formaciones experienciales para aprender a ense\u00f1ar en el conocimiento profundo y en el bienestar emocional, y espiritual.<\/p>\n<p style=\"text-align: justify;\">Un espacio creado para pensar en la educaci\u00f3n relacional. Donde emerjan las potencialidades y capacidades del maestro y donde el maestro descubra c\u00f3mo aprende el alumno, reflexionando sobre sus propios procesos para aprender.<\/p>\n<p style=\"text-align: justify;\">\n<p style=\"text-align: justify;\">\n<\/div><\/section><\/p><\/div>\n<style type=\"text\/css\" data-created_by=\"avia_inline_auto\" id=\"style-css-av-lrs0pd71-6611b9f755dd163030e55afbee330afd\">\n#top .hr.hr-invisible.av-lrs0pd71-6611b9f755dd163030e55afbee330afd{\nheight:30px;\n}\n<\/style>\n<div  class='hr av-lrs0pd71-6611b9f755dd163030e55afbee330afd hr-invisible  avia-builder-el-6  el_after_av_one_half  el_before_av_hr '><span class='hr-inner '><span class=\"hr-inner-style\"><\/span><\/span><\/div><\/p>\n\n<style type=\"text\/css\" data-created_by=\"avia_inline_auto\" id=\"style-css-av-lsdfr20l-388c6ca0aef20029ec41dd9dbed1e870\">\n#top .hr.hr-invisible.av-lsdfr20l-388c6ca0aef20029ec41dd9dbed1e870{\nheight:10px;\n}\n<\/style>\n<div  class='hr av-lsdfr20l-388c6ca0aef20029ec41dd9dbed1e870 hr-invisible  avia-builder-el-7  el_after_av_hr  el_before_av_one_half '><span class='hr-inner '><span class=\"hr-inner-style\"><\/span><\/span><\/div>\n<div class='flex_column av-45qdtr-290d9e6e6d21676099df1b7140cf5b32 av_one_half  avia-builder-el-8  el_after_av_hr  el_before_av_one_half  first flex_column_div '   ><style type=\"text\/css\" data-created_by=\"avia_inline_auto\" id=\"style-css-av-lrs0r7k9-1e2d65e1a840f0f7e41b9694c74a87d4\">\n.avia-image-container.av-lrs0r7k9-1e2d65e1a840f0f7e41b9694c74a87d4 .av-image-caption-overlay-center{\ncolor:#ffffff;\n}\n<\/style>\n<div  class='avia-image-container av-lrs0r7k9-1e2d65e1a840f0f7e41b9694c74a87d4 av-styling- avia-align-center  avia-builder-el-9  avia-builder-el-no-sibling '  itemprop=\"image\" itemscope=\"itemscope\" itemtype=\"https:\/\/schema.org\/ImageObject\" ><div class=\"avia-image-container-inner\"><div class=\"avia-image-overlay-wrap\"><img decoding=\"async\" class='wp-image-3878 avia-img-lazy-loading-not-3878 avia_image' src=\"https:\/\/i0.wp.com\/lacasadelamaestra.com\/wp-content\/uploads\/2024\/02\/44ab73c6-6e5c-42cb-8c3b-0eb855121440.jpg?fit=768%2C1024&ssl=1\" alt='' title='44ab73c6-6e5c-42cb-8c3b-0eb855121440'  height=\"1024\" width=\"768\"  itemprop=\"thumbnailUrl\" srcset=\"https:\/\/i0.wp.com\/lacasadelamaestra.com\/wp-content\/uploads\/2024\/02\/44ab73c6-6e5c-42cb-8c3b-0eb855121440.jpg?w=768&amp;ssl=1 768w, https:\/\/i0.wp.com\/lacasadelamaestra.com\/wp-content\/uploads\/2024\/02\/44ab73c6-6e5c-42cb-8c3b-0eb855121440.jpg?resize=225%2C300&amp;ssl=1 225w, https:\/\/i0.wp.com\/lacasadelamaestra.com\/wp-content\/uploads\/2024\/02\/44ab73c6-6e5c-42cb-8c3b-0eb855121440.jpg?resize=529%2C705&amp;ssl=1 529w\" sizes=\"(max-width: 768px) 100vw, 768px\" \/><\/div><\/div><\/div><\/div>\n<div class='flex_column av-31ucan-7ea7166f211414109742317328689ca3 av_one_half  avia-builder-el-10  el_after_av_one_half  avia-builder-el-last  flex_column_div '   ><section  class='av_textblock_section av-lrs0yuev-a3eaa93aef3864f82dcb9f24bfbdda6a'  itemscope=\"itemscope\" itemtype=\"https:\/\/schema.org\/CreativeWork\" ><div class='avia_textblock'  itemprop=\"text\" ><blockquote>\n<p style=\"text-align: justify;\">\u201c<em>La educaci\u00f3n es la empresa m\u00e1s importante que tiene un pa\u00eds<\/em>\u201d.<\/p>\n<\/blockquote>\n<p style=\"text-align: right;\"><strong>Giner de los R\u00edos<\/strong><\/p>\n<\/div><\/section><br \/>\n\n<style type=\"text\/css\" data-created_by=\"avia_inline_auto\" id=\"style-css-av-lsdllt73-6f3140b39bed4007b070f17e169fd92c\">\n#top .hr.hr-invisible.av-lsdllt73-6f3140b39bed4007b070f17e169fd92c{\nheight:10px;\n}\n<\/style>\n<div  class='hr av-lsdllt73-6f3140b39bed4007b070f17e169fd92c hr-invisible  avia-builder-el-12  el_after_av_textblock  el_before_av_textblock '><span class='hr-inner '><span class=\"hr-inner-style\"><\/span><\/span><\/div><br \/>\n<section  class='av_textblock_section av-lsdlj5o8-477fbc3e0dd46bcdede24a50b97b98d1'  itemscope=\"itemscope\" itemtype=\"https:\/\/schema.org\/CreativeWork\" ><div class='avia_textblock'  itemprop=\"text\" ><p style=\"text-align: justify;\">En este esp\u00edritu, queremos abrir un espacio para la reflexi\u00f3n educativa, y a ella est\u00e1n invitados todos aquellos que est\u00e9n\u00a0 vinculados, de una u otra manera, con la tarea de educar, ya sean docentes, padres, madres o amigos, y recuperar la necesaria curiosidad por la formaci\u00f3n humanista y filos\u00f3fica de los maestros.<\/p>\n<p style=\"text-align: justify;\">Nuestra intenci\u00f3n es acercarnos a una experiencia diferente, donde el aprendizaje personal encuentre el\u00a0 contexto adecuado para <strong>aprender a ense\u00f1ar y ense\u00f1ar a aprender.<\/strong><\/p>\n<p style=\"text-align: justify;\"><i><span style=\"font-weight: 400;\">\u201cTal vez la menor cantidad de nuestro saber\u2026 nos viene a todos de las aulas, fuera de las cuales\u2026 hemos ido atesorando\u2026, d\u00eda tras d\u00eda, sin saberlo\u2026, en libros, peri\u00f3dicos, conversaciones\u2026, en la calle, en el campo\u2026 el enorme caudal en que\u2026 engalanamos la vida. Y este ambiente antiprofesional, irreflexivo, libre y difuso, donde aprendemos, al parecer\u2026 \u201cde gorra\u201d, debe ser justamente el campo que constituya\u2026 el contenido esencial de la acci\u00f3n misionera\u201d<\/span><\/i><span style=\"font-weight: 400;\">, se\u00f1alaba el fundador de las Misiones Pedag\u00f3gicas en la Memoria del Patronato de las Misiones.\u00a0<\/span><\/p>\n<p style=\"text-align: justify;\"><span style=\"font-weight: 400;\">Estas palabras podr\u00edan ser la versi\u00f3n del primer tercio del siglo XX de lo que d\u00e9cadas despu\u00e9s la UNESCO definir\u00e1 como\u00a0<\/span><b><i>e<\/i><\/b><b>ducaci\u00f3n no formal.<\/b><\/p>\n<p style=\"text-align: justify;\"><span style=\"font-weight: 400;\">Pero m\u00e1s all\u00e1 de esta formaci\u00f3n en el terreno, que es lo que nos gustar\u00eda poder hacer en escuelas como la de Lolita P\u00e9rez (Escuela de Vilavedelle, 1924) y otras despu\u00e9s, cabe destacar m\u00e1s a\u00fan el apoyo moral que necesitamos los docentes. \u00abEl maestro, tiene que vivir en un ambiente con\u00a0 est\u00edmulos. No puede hacerlo en un ambiente a menudo hostil. Lleno de resistencias absurdas\u00bb y sin tiempo, siempre sin tiempo&#8230; Por eso hoy muy buenos maestros sucumben. Los mejores sucumben. Acababan siendo v\u00edctimas del ambiente o instrumentos del sistema.<\/span><\/p>\n<p style=\"text-align: justify;\"><span style=\"font-weight: 400;\">Podr\u00eda parecer ambicioso, pero no lo es cuando el fin es tan l\u00edcito: los hombres y mujeres de la Instituci\u00f3n Libre de Ense\u00f1anza (ILE)\u00a0 trabajaron por lograr una transformaci\u00f3n social del estatus del maestro, colocar el eslab\u00f3n social que \u00e9ste se merec\u00eda. Ellos quedan como herederos de esta experiencia de educaci\u00f3n popular y guardeses de la cultura que se hab\u00eda difundido. Retomemos el legado y vamos a darle la interpretaci\u00f3n que ahora\u00a0 necesita.<\/span><\/p>\n<p style=\"text-align: justify;\">\n<p style=\"text-align: justify;\">\n<\/div><\/section><\/p><\/div>\n","protected":false},"excerpt":{"rendered":"","protected":false},"author":3,"featured_media":0,"parent":0,"menu_order":0,"comment_status":"closed","ping_status":"closed","template":"","meta":{"footnotes":""},"class_list":["post-3759","page","type-page","status-publish","hentry"],"_links":{"self":[{"href":"https:\/\/lacasadelamaestra.com\/es\/wp-json\/wp\/v2\/pages\/3759","targetHints":{"allow":["GET"]}}],"collection":[{"href":"https:\/\/lacasadelamaestra.com\/es\/wp-json\/wp\/v2\/pages"}],"about":[{"href":"https:\/\/lacasadelamaestra.com\/es\/wp-json\/wp\/v2\/types\/page"}],"author":[{"embeddable":true,"href":"https:\/\/lacasadelamaestra.com\/es\/wp-json\/wp\/v2\/users\/3"}],"replies":[{"embeddable":true,"href":"https:\/\/lacasadelamaestra.com\/es\/wp-json\/wp\/v2\/comments?post=3759"}],"version-history":[{"count":1,"href":"https:\/\/lacasadelamaestra.com\/es\/wp-json\/wp\/v2\/pages\/3759\/revisions"}],"predecessor-version":[{"id":5370,"href":"https:\/\/lacasadelamaestra.com\/es\/wp-json\/wp\/v2\/pages\/3759\/revisions\/5370"}],"wp:attachment":[{"href":"https:\/\/lacasadelamaestra.com\/es\/wp-json\/wp\/v2\/media?parent=3759"}],"curies":[{"name":"wp","href":"https:\/\/api.w.org\/{rel}","templated":true}]}}