{"id":3727,"date":"2024-01-21T11:46:03","date_gmt":"2024-01-21T11:46:03","guid":{"rendered":"https:\/\/lacasadelamaestra.com\/?page_id=3727"},"modified":"2026-01-12T12:42:52","modified_gmt":"2026-01-12T12:42:52","slug":"el-lugar-de-vilavedelle","status":"publish","type":"page","link":"https:\/\/lacasadelamaestra.com\/es\/el-lugar-de-vilavedelle\/","title":{"rendered":"El lugar de Vilavedelle"},"content":{"rendered":"\n<style type=\"text\/css\" data-created_by=\"avia_inline_auto\" id=\"style-css-av-lrnflyrb-c482a85ed6855fc3fc09c364682356fc\">\n.avia-image-container.av-lrnflyrb-c482a85ed6855fc3fc09c364682356fc .av-image-caption-overlay-center{\ncolor:#ffffff;\n}\n<\/style>\n<div  class='avia-image-container av-lrnflyrb-c482a85ed6855fc3fc09c364682356fc av-styling- avia-align-center  avia-builder-el-0  el_before_av_hr  avia-builder-el-first '  itemprop=\"image\" itemscope=\"itemscope\" itemtype=\"https:\/\/schema.org\/ImageObject\" ><div class=\"avia-image-container-inner\"><div class=\"avia-image-overlay-wrap\"><img decoding=\"async\" class='wp-image-4094 avia-img-lazy-loading-not-4094 avia_image' src=\"https:\/\/i0.wp.com\/lacasadelamaestra.com\/wp-content\/uploads\/2024\/03\/WhatsApp-Image-2024-03-11-at-08.34.39.jpeg?fit=1600%2C1200&ssl=1\" alt='' title='WhatsApp Image 2024-03-11 at 08.34.39'  height=\"1200\" width=\"1600\"  itemprop=\"thumbnailUrl\" srcset=\"https:\/\/i0.wp.com\/lacasadelamaestra.com\/wp-content\/uploads\/2024\/03\/WhatsApp-Image-2024-03-11-at-08.34.39.jpeg?w=1600&amp;ssl=1 1600w, https:\/\/i0.wp.com\/lacasadelamaestra.com\/wp-content\/uploads\/2024\/03\/WhatsApp-Image-2024-03-11-at-08.34.39.jpeg?resize=300%2C225&amp;ssl=1 300w, https:\/\/i0.wp.com\/lacasadelamaestra.com\/wp-content\/uploads\/2024\/03\/WhatsApp-Image-2024-03-11-at-08.34.39.jpeg?resize=1030%2C773&amp;ssl=1 1030w, https:\/\/i0.wp.com\/lacasadelamaestra.com\/wp-content\/uploads\/2024\/03\/WhatsApp-Image-2024-03-11-at-08.34.39.jpeg?resize=768%2C576&amp;ssl=1 768w, https:\/\/i0.wp.com\/lacasadelamaestra.com\/wp-content\/uploads\/2024\/03\/WhatsApp-Image-2024-03-11-at-08.34.39.jpeg?resize=1536%2C1152&amp;ssl=1 1536w, https:\/\/i0.wp.com\/lacasadelamaestra.com\/wp-content\/uploads\/2024\/03\/WhatsApp-Image-2024-03-11-at-08.34.39.jpeg?resize=1500%2C1125&amp;ssl=1 1500w, https:\/\/i0.wp.com\/lacasadelamaestra.com\/wp-content\/uploads\/2024\/03\/WhatsApp-Image-2024-03-11-at-08.34.39.jpeg?resize=705%2C529&amp;ssl=1 705w\" sizes=\"(max-width: 1500px) 100vw, 1500px\" \/><\/div><\/div><\/div>\n\n<style type=\"text\/css\" data-created_by=\"avia_inline_auto\" id=\"style-css-av-lrnflkro-e762b467086b795e5b2bf6393d3871f9\">\n#top .hr.hr-invisible.av-lrnflkro-e762b467086b795e5b2bf6393d3871f9{\nheight:40px;\n}\n<\/style>\n<div  class='hr av-lrnflkro-e762b467086b795e5b2bf6393d3871f9 hr-invisible  avia-builder-el-1  el_after_av_image  el_before_av_textblock '><span class='hr-inner '><span class=\"hr-inner-style\"><\/span><\/span><\/div>\n<section  class='av_textblock_section av-lrnfl9b1-8bc61f7204b8f748a8977253f2c8de89'  itemscope=\"itemscope\" itemtype=\"https:\/\/schema.org\/CreativeWork\" ><div class='avia_textblock'  itemprop=\"text\" ><h1>El lugar de Vilavedelle<\/h1>\n<\/div><\/section>\n<section  class='av_textblock_section av-lrnfku7a-1c7f2bc14f7211ed241ab3597c2f0b20'  itemscope=\"itemscope\" itemtype=\"https:\/\/schema.org\/CreativeWork\" ><div class='avia_textblock'  itemprop=\"text\" ><p style=\"text-align: justify;\">El tramo final del curso del R\u00edo Eo es la frontera natural entre dos comunidades, Asturias y Galicia. Sus dos lados abarcan un espacio mar\u00edtimo terrestre que, en 2007, fue <strong>declarado Reserva de la Biosfera por la UNESCO.<\/strong><\/p>\n<p style=\"text-align: justify;\">El Lugar de Vilavedelle se asienta en ella, en la orilla asturiana, dentro de la Reserva Natural Oscos-Eo y Terras de Bur\u00f3n, no muy lejos de Taramundi, donde comenz\u00f3 el turismo rural en Espa\u00f1a en los a\u00f1os ochenta. Hoy esa experiencia se extiende por todo el territorio asturiano.<\/p>\n<p style=\"text-align: justify;\">Ribadeo en tierra gallega; Vegadeo, Castropol\u00a0 y Figueras en tierra asturiana, cuatro apariencias muy distintas se asoman a la desembocadura del Eo.<\/p>\n<p style=\"text-align: justify;\">Los servicios y el comercio son el motor que mueve la econom\u00eda de Ribadeo y Vegadeo; los motores son la fuerza que mueve el astillero que condiciona la apariencia y el futuro de Figueras; la administraci\u00f3n territorial habita Santiniebla, la vetusta Castropol. Cada lugar es una propuesta. La R\u00eda convive con todas ellas.<\/p>\n<\/div><\/section>\n\n<style type=\"text\/css\" data-created_by=\"avia_inline_auto\" id=\"style-css-av-lrrx2dmw-f92424702cd70984e3d4b7532537a149\">\n.av-horizontal-gallery.av-lrrx2dmw-f92424702cd70984e3d4b7532537a149 .av-horizontal-gallery-inner{\npadding-bottom:25%;\n}\n<\/style>\n<div  class='av-horizontal-gallery av-lrrx2dmw-f92424702cd70984e3d4b7532537a149 av-horizontal-gallery-large-gap av-horizontal-gallery--effect av-control-default  avia-builder-el-4  el_after_av_textblock  avia-builder-el-last  av-horizontal-gallery-1 '  itemprop=\"image\" itemscope=\"itemscope\" itemtype=\"https:\/\/schema.org\/ImageObject\"   ><div class='avia-slideshow-arrows avia-slideshow-controls' ><a href='#prev' class='prev-slide av-horizontal-gallery-prev' aria-hidden='true' data-av_icon='\ue87c' data-av_iconfont='entypo-fontello'  tabindex='-1'>Anterior<\/a><a href='#next' class='next-slide av-horizontal-gallery-next' aria-hidden='true' data-av_icon='\ue87d' data-av_iconfont='entypo-fontello'  tabindex='-1'>Posterior<\/a><\/div><div class='av-horizontal-gallery-inner' data-av-height='25'><div class=\"av-horizontal-gallery-slider\"><div class='av-horizontal-gallery-wrap noHover'><img decoding=\"async\" class='wp-image-3640 avia-img-lazy-loading-not-3640 av-horizontal-gallery-img' width=\"1030\" height=\"773\" src=\"https:\/\/i0.wp.com\/lacasadelamaestra.com\/wp-content\/uploads\/2023\/12\/IMG_9199.jpeg?fit=1030%2C773&ssl=1\" title='IMG_9199' alt='' srcset=\"https:\/\/i0.wp.com\/lacasadelamaestra.com\/wp-content\/uploads\/2023\/12\/IMG_9199.jpeg?w=2049&amp;ssl=1 2049w, https:\/\/i0.wp.com\/lacasadelamaestra.com\/wp-content\/uploads\/2023\/12\/IMG_9199.jpeg?resize=300%2C225&amp;ssl=1 300w, https:\/\/i0.wp.com\/lacasadelamaestra.com\/wp-content\/uploads\/2023\/12\/IMG_9199.jpeg?resize=1030%2C773&amp;ssl=1 1030w, https:\/\/i0.wp.com\/lacasadelamaestra.com\/wp-content\/uploads\/2023\/12\/IMG_9199.jpeg?resize=768%2C576&amp;ssl=1 768w, https:\/\/i0.wp.com\/lacasadelamaestra.com\/wp-content\/uploads\/2023\/12\/IMG_9199.jpeg?resize=1536%2C1152&amp;ssl=1 1536w, https:\/\/i0.wp.com\/lacasadelamaestra.com\/wp-content\/uploads\/2023\/12\/IMG_9199.jpeg?resize=1500%2C1125&amp;ssl=1 1500w, https:\/\/i0.wp.com\/lacasadelamaestra.com\/wp-content\/uploads\/2023\/12\/IMG_9199.jpeg?resize=705%2C529&amp;ssl=1 705w\" sizes=\"(max-width: 1030px) 100vw, 1030px\" \/><a href=\"https:\/\/i0.wp.com\/lacasadelamaestra.com\/wp-content\/uploads\/2023\/12\/IMG_9199.jpeg?fit=1030%2C773&amp;ssl=1\" data-srcset=\"https:\/\/i0.wp.com\/lacasadelamaestra.com\/wp-content\/uploads\/2023\/12\/IMG_9199.jpeg?w=2049&amp;ssl=1 2049w, https:\/\/i0.wp.com\/lacasadelamaestra.com\/wp-content\/uploads\/2023\/12\/IMG_9199.jpeg?resize=300%2C225&amp;ssl=1 300w, https:\/\/i0.wp.com\/lacasadelamaestra.com\/wp-content\/uploads\/2023\/12\/IMG_9199.jpeg?resize=1030%2C773&amp;ssl=1 1030w, https:\/\/i0.wp.com\/lacasadelamaestra.com\/wp-content\/uploads\/2023\/12\/IMG_9199.jpeg?resize=768%2C576&amp;ssl=1 768w, https:\/\/i0.wp.com\/lacasadelamaestra.com\/wp-content\/uploads\/2023\/12\/IMG_9199.jpeg?resize=1536%2C1152&amp;ssl=1 1536w, https:\/\/i0.wp.com\/lacasadelamaestra.com\/wp-content\/uploads\/2023\/12\/IMG_9199.jpeg?resize=1500%2C1125&amp;ssl=1 1500w, https:\/\/i0.wp.com\/lacasadelamaestra.com\/wp-content\/uploads\/2023\/12\/IMG_9199.jpeg?resize=705%2C529&amp;ssl=1 705w\" data-sizes=\"(max-width: 1030px) 100vw, 1030px\" class='av-horizontal-gallery-link' aria-hidden='true' data-av_icon='\ue869' data-av_iconfont='entypo-fontello' title='IMG_9199' alt=''><\/a><\/div><div class='av-horizontal-gallery-wrap noHover'><img decoding=\"async\" class='wp-image-3703 avia-img-lazy-loading-not-3703 av-horizontal-gallery-img' width=\"1030\" height=\"773\" src=\"https:\/\/i0.wp.com\/lacasadelamaestra.com\/wp-content\/uploads\/2024\/01\/IMG_1272-scaled.jpeg?fit=1030%2C773&ssl=1\" title='IMG_1272' alt='' srcset=\"https:\/\/i0.wp.com\/lacasadelamaestra.com\/wp-content\/uploads\/2024\/01\/IMG_1272-scaled.jpeg?w=2560&amp;ssl=1 2560w, https:\/\/i0.wp.com\/lacasadelamaestra.com\/wp-content\/uploads\/2024\/01\/IMG_1272-scaled.jpeg?resize=300%2C225&amp;ssl=1 300w, https:\/\/i0.wp.com\/lacasadelamaestra.com\/wp-content\/uploads\/2024\/01\/IMG_1272-scaled.jpeg?resize=1030%2C773&amp;ssl=1 1030w, https:\/\/i0.wp.com\/lacasadelamaestra.com\/wp-content\/uploads\/2024\/01\/IMG_1272-scaled.jpeg?resize=768%2C576&amp;ssl=1 768w, https:\/\/i0.wp.com\/lacasadelamaestra.com\/wp-content\/uploads\/2024\/01\/IMG_1272-scaled.jpeg?resize=1536%2C1152&amp;ssl=1 1536w, https:\/\/i0.wp.com\/lacasadelamaestra.com\/wp-content\/uploads\/2024\/01\/IMG_1272-scaled.jpeg?resize=2048%2C1536&amp;ssl=1 2048w, https:\/\/i0.wp.com\/lacasadelamaestra.com\/wp-content\/uploads\/2024\/01\/IMG_1272-scaled.jpeg?resize=1500%2C1125&amp;ssl=1 1500w, https:\/\/i0.wp.com\/lacasadelamaestra.com\/wp-content\/uploads\/2024\/01\/IMG_1272-scaled.jpeg?resize=705%2C529&amp;ssl=1 705w\" sizes=\"(max-width: 1030px) 100vw, 1030px\" \/><a href=\"https:\/\/i0.wp.com\/lacasadelamaestra.com\/wp-content\/uploads\/2024\/01\/IMG_1272-scaled.jpeg?fit=1030%2C773&amp;ssl=1\" data-srcset=\"https:\/\/i0.wp.com\/lacasadelamaestra.com\/wp-content\/uploads\/2024\/01\/IMG_1272-scaled.jpeg?w=2560&amp;ssl=1 2560w, https:\/\/i0.wp.com\/lacasadelamaestra.com\/wp-content\/uploads\/2024\/01\/IMG_1272-scaled.jpeg?resize=300%2C225&amp;ssl=1 300w, https:\/\/i0.wp.com\/lacasadelamaestra.com\/wp-content\/uploads\/2024\/01\/IMG_1272-scaled.jpeg?resize=1030%2C773&amp;ssl=1 1030w, https:\/\/i0.wp.com\/lacasadelamaestra.com\/wp-content\/uploads\/2024\/01\/IMG_1272-scaled.jpeg?resize=768%2C576&amp;ssl=1 768w, https:\/\/i0.wp.com\/lacasadelamaestra.com\/wp-content\/uploads\/2024\/01\/IMG_1272-scaled.jpeg?resize=1536%2C1152&amp;ssl=1 1536w, https:\/\/i0.wp.com\/lacasadelamaestra.com\/wp-content\/uploads\/2024\/01\/IMG_1272-scaled.jpeg?resize=2048%2C1536&amp;ssl=1 2048w, https:\/\/i0.wp.com\/lacasadelamaestra.com\/wp-content\/uploads\/2024\/01\/IMG_1272-scaled.jpeg?resize=1500%2C1125&amp;ssl=1 1500w, https:\/\/i0.wp.com\/lacasadelamaestra.com\/wp-content\/uploads\/2024\/01\/IMG_1272-scaled.jpeg?resize=705%2C529&amp;ssl=1 705w\" data-sizes=\"(max-width: 1030px) 100vw, 1030px\" class='av-horizontal-gallery-link' aria-hidden='true' data-av_icon='\ue869' data-av_iconfont='entypo-fontello' title='Playa de Penarronda' alt=''><\/a><\/div><div class='av-horizontal-gallery-wrap noHover'><img decoding=\"async\" class='wp-image-3701 avia-img-lazy-loading-not-3701 av-horizontal-gallery-img' width=\"1030\" height=\"801\" src=\"https:\/\/i0.wp.com\/lacasadelamaestra.com\/wp-content\/uploads\/2024\/01\/IMG_0980-scaled.jpeg?fit=1030%2C801&ssl=1\" title='IMG_0980' alt='' srcset=\"https:\/\/i0.wp.com\/lacasadelamaestra.com\/wp-content\/uploads\/2024\/01\/IMG_0980-scaled.jpeg?w=2560&amp;ssl=1 2560w, https:\/\/i0.wp.com\/lacasadelamaestra.com\/wp-content\/uploads\/2024\/01\/IMG_0980-scaled.jpeg?resize=300%2C233&amp;ssl=1 300w, https:\/\/i0.wp.com\/lacasadelamaestra.com\/wp-content\/uploads\/2024\/01\/IMG_0980-scaled.jpeg?resize=1030%2C801&amp;ssl=1 1030w, https:\/\/i0.wp.com\/lacasadelamaestra.com\/wp-content\/uploads\/2024\/01\/IMG_0980-scaled.jpeg?resize=768%2C597&amp;ssl=1 768w, https:\/\/i0.wp.com\/lacasadelamaestra.com\/wp-content\/uploads\/2024\/01\/IMG_0980-scaled.jpeg?resize=1536%2C1195&amp;ssl=1 1536w, https:\/\/i0.wp.com\/lacasadelamaestra.com\/wp-content\/uploads\/2024\/01\/IMG_0980-scaled.jpeg?resize=2048%2C1593&amp;ssl=1 2048w, https:\/\/i0.wp.com\/lacasadelamaestra.com\/wp-content\/uploads\/2024\/01\/IMG_0980-scaled.jpeg?resize=1500%2C1167&amp;ssl=1 1500w, https:\/\/i0.wp.com\/lacasadelamaestra.com\/wp-content\/uploads\/2024\/01\/IMG_0980-scaled.jpeg?resize=705%2C548&amp;ssl=1 705w\" sizes=\"(max-width: 1030px) 100vw, 1030px\" \/><a href=\"https:\/\/i0.wp.com\/lacasadelamaestra.com\/wp-content\/uploads\/2024\/01\/IMG_0980-scaled.jpeg?fit=1030%2C801&amp;ssl=1\" data-srcset=\"https:\/\/i0.wp.com\/lacasadelamaestra.com\/wp-content\/uploads\/2024\/01\/IMG_0980-scaled.jpeg?w=2560&amp;ssl=1 2560w, https:\/\/i0.wp.com\/lacasadelamaestra.com\/wp-content\/uploads\/2024\/01\/IMG_0980-scaled.jpeg?resize=300%2C233&amp;ssl=1 300w, https:\/\/i0.wp.com\/lacasadelamaestra.com\/wp-content\/uploads\/2024\/01\/IMG_0980-scaled.jpeg?resize=1030%2C801&amp;ssl=1 1030w, https:\/\/i0.wp.com\/lacasadelamaestra.com\/wp-content\/uploads\/2024\/01\/IMG_0980-scaled.jpeg?resize=768%2C597&amp;ssl=1 768w, https:\/\/i0.wp.com\/lacasadelamaestra.com\/wp-content\/uploads\/2024\/01\/IMG_0980-scaled.jpeg?resize=1536%2C1195&amp;ssl=1 1536w, https:\/\/i0.wp.com\/lacasadelamaestra.com\/wp-content\/uploads\/2024\/01\/IMG_0980-scaled.jpeg?resize=2048%2C1593&amp;ssl=1 2048w, https:\/\/i0.wp.com\/lacasadelamaestra.com\/wp-content\/uploads\/2024\/01\/IMG_0980-scaled.jpeg?resize=1500%2C1167&amp;ssl=1 1500w, https:\/\/i0.wp.com\/lacasadelamaestra.com\/wp-content\/uploads\/2024\/01\/IMG_0980-scaled.jpeg?resize=705%2C548&amp;ssl=1 705w\" data-sizes=\"(max-width: 1030px) 100vw, 1030px\" class='av-horizontal-gallery-link' aria-hidden='true' data-av_icon='\ue869' data-av_iconfont='entypo-fontello' title='R\u00eda del Eo' alt=''><\/a><\/div><div class='av-horizontal-gallery-wrap noHover'><img decoding=\"async\" class='wp-image-3746 avia-img-lazy-loading-not-3746 av-horizontal-gallery-img' width=\"773\" height=\"1030\" src=\"https:\/\/i0.wp.com\/lacasadelamaestra.com\/wp-content\/uploads\/2024\/01\/IMG_1995-scaled.jpeg?fit=773%2C1030&ssl=1\" title='IMG_1995' alt='' srcset=\"https:\/\/i0.wp.com\/lacasadelamaestra.com\/wp-content\/uploads\/2024\/01\/IMG_1995-scaled.jpeg?w=1920&amp;ssl=1 1920w, https:\/\/i0.wp.com\/lacasadelamaestra.com\/wp-content\/uploads\/2024\/01\/IMG_1995-scaled.jpeg?resize=225%2C300&amp;ssl=1 225w, https:\/\/i0.wp.com\/lacasadelamaestra.com\/wp-content\/uploads\/2024\/01\/IMG_1995-scaled.jpeg?resize=773%2C1030&amp;ssl=1 773w, https:\/\/i0.wp.com\/lacasadelamaestra.com\/wp-content\/uploads\/2024\/01\/IMG_1995-scaled.jpeg?resize=768%2C1024&amp;ssl=1 768w, https:\/\/i0.wp.com\/lacasadelamaestra.com\/wp-content\/uploads\/2024\/01\/IMG_1995-scaled.jpeg?resize=1152%2C1536&amp;ssl=1 1152w, https:\/\/i0.wp.com\/lacasadelamaestra.com\/wp-content\/uploads\/2024\/01\/IMG_1995-scaled.jpeg?resize=1536%2C2048&amp;ssl=1 1536w, https:\/\/i0.wp.com\/lacasadelamaestra.com\/wp-content\/uploads\/2024\/01\/IMG_1995-scaled.jpeg?resize=1125%2C1500&amp;ssl=1 1125w, https:\/\/i0.wp.com\/lacasadelamaestra.com\/wp-content\/uploads\/2024\/01\/IMG_1995-scaled.jpeg?resize=529%2C705&amp;ssl=1 529w\" sizes=\"(max-width: 773px) 100vw, 773px\" \/><a href=\"https:\/\/i0.wp.com\/lacasadelamaestra.com\/wp-content\/uploads\/2024\/01\/IMG_1995-scaled.jpeg?fit=773%2C1030&amp;ssl=1\" data-srcset=\"https:\/\/i0.wp.com\/lacasadelamaestra.com\/wp-content\/uploads\/2024\/01\/IMG_1995-scaled.jpeg?w=1920&amp;ssl=1 1920w, https:\/\/i0.wp.com\/lacasadelamaestra.com\/wp-content\/uploads\/2024\/01\/IMG_1995-scaled.jpeg?resize=225%2C300&amp;ssl=1 225w, https:\/\/i0.wp.com\/lacasadelamaestra.com\/wp-content\/uploads\/2024\/01\/IMG_1995-scaled.jpeg?resize=773%2C1030&amp;ssl=1 773w, https:\/\/i0.wp.com\/lacasadelamaestra.com\/wp-content\/uploads\/2024\/01\/IMG_1995-scaled.jpeg?resize=768%2C1024&amp;ssl=1 768w, https:\/\/i0.wp.com\/lacasadelamaestra.com\/wp-content\/uploads\/2024\/01\/IMG_1995-scaled.jpeg?resize=1152%2C1536&amp;ssl=1 1152w, https:\/\/i0.wp.com\/lacasadelamaestra.com\/wp-content\/uploads\/2024\/01\/IMG_1995-scaled.jpeg?resize=1536%2C2048&amp;ssl=1 1536w, https:\/\/i0.wp.com\/lacasadelamaestra.com\/wp-content\/uploads\/2024\/01\/IMG_1995-scaled.jpeg?resize=1125%2C1500&amp;ssl=1 1125w, https:\/\/i0.wp.com\/lacasadelamaestra.com\/wp-content\/uploads\/2024\/01\/IMG_1995-scaled.jpeg?resize=529%2C705&amp;ssl=1 529w\" data-sizes=\"(max-width: 773px) 100vw, 773px\" class='av-horizontal-gallery-link' aria-hidden='true' data-av_icon='\ue869' data-av_iconfont='entypo-fontello' title='Playa de San Rom\u00e1n' alt=''><\/a><\/div><div class='av-horizontal-gallery-wrap noHover'><img decoding=\"async\" class='wp-image-3747 avia-img-lazy-loading-not-3747 av-horizontal-gallery-img' width=\"773\" height=\"1030\" src=\"https:\/\/i0.wp.com\/lacasadelamaestra.com\/wp-content\/uploads\/2024\/01\/IMG_9503-scaled.jpeg?fit=773%2C1030&ssl=1\" title='IMG_9503' alt='' srcset=\"https:\/\/i0.wp.com\/lacasadelamaestra.com\/wp-content\/uploads\/2024\/01\/IMG_9503-scaled.jpeg?w=1920&amp;ssl=1 1920w, https:\/\/i0.wp.com\/lacasadelamaestra.com\/wp-content\/uploads\/2024\/01\/IMG_9503-scaled.jpeg?resize=225%2C300&amp;ssl=1 225w, https:\/\/i0.wp.com\/lacasadelamaestra.com\/wp-content\/uploads\/2024\/01\/IMG_9503-scaled.jpeg?resize=773%2C1030&amp;ssl=1 773w, https:\/\/i0.wp.com\/lacasadelamaestra.com\/wp-content\/uploads\/2024\/01\/IMG_9503-scaled.jpeg?resize=768%2C1024&amp;ssl=1 768w, https:\/\/i0.wp.com\/lacasadelamaestra.com\/wp-content\/uploads\/2024\/01\/IMG_9503-scaled.jpeg?resize=1152%2C1536&amp;ssl=1 1152w, https:\/\/i0.wp.com\/lacasadelamaestra.com\/wp-content\/uploads\/2024\/01\/IMG_9503-scaled.jpeg?resize=1536%2C2048&amp;ssl=1 1536w, https:\/\/i0.wp.com\/lacasadelamaestra.com\/wp-content\/uploads\/2024\/01\/IMG_9503-scaled.jpeg?resize=1125%2C1500&amp;ssl=1 1125w, https:\/\/i0.wp.com\/lacasadelamaestra.com\/wp-content\/uploads\/2024\/01\/IMG_9503-scaled.jpeg?resize=529%2C705&amp;ssl=1 529w\" sizes=\"(max-width: 773px) 100vw, 773px\" \/><a href=\"https:\/\/i0.wp.com\/lacasadelamaestra.com\/wp-content\/uploads\/2024\/01\/IMG_9503-scaled.jpeg?fit=773%2C1030&amp;ssl=1\" data-srcset=\"https:\/\/i0.wp.com\/lacasadelamaestra.com\/wp-content\/uploads\/2024\/01\/IMG_9503-scaled.jpeg?w=1920&amp;ssl=1 1920w, https:\/\/i0.wp.com\/lacasadelamaestra.com\/wp-content\/uploads\/2024\/01\/IMG_9503-scaled.jpeg?resize=225%2C300&amp;ssl=1 225w, https:\/\/i0.wp.com\/lacasadelamaestra.com\/wp-content\/uploads\/2024\/01\/IMG_9503-scaled.jpeg?resize=773%2C1030&amp;ssl=1 773w, https:\/\/i0.wp.com\/lacasadelamaestra.com\/wp-content\/uploads\/2024\/01\/IMG_9503-scaled.jpeg?resize=768%2C1024&amp;ssl=1 768w, https:\/\/i0.wp.com\/lacasadelamaestra.com\/wp-content\/uploads\/2024\/01\/IMG_9503-scaled.jpeg?resize=1152%2C1536&amp;ssl=1 1152w, https:\/\/i0.wp.com\/lacasadelamaestra.com\/wp-content\/uploads\/2024\/01\/IMG_9503-scaled.jpeg?resize=1536%2C2048&amp;ssl=1 1536w, https:\/\/i0.wp.com\/lacasadelamaestra.com\/wp-content\/uploads\/2024\/01\/IMG_9503-scaled.jpeg?resize=1125%2C1500&amp;ssl=1 1125w, https:\/\/i0.wp.com\/lacasadelamaestra.com\/wp-content\/uploads\/2024\/01\/IMG_9503-scaled.jpeg?resize=529%2C705&amp;ssl=1 529w\" data-sizes=\"(max-width: 773px) 100vw, 773px\" class='av-horizontal-gallery-link' aria-hidden='true' data-av_icon='\ue869' data-av_iconfont='entypo-fontello' title='R\u00eda del Eo' alt=''><\/a><\/div><div class='av-horizontal-gallery-wrap noHover'><img decoding=\"async\" class='wp-image-3748 avia-img-lazy-loading-not-3748 av-horizontal-gallery-img' width=\"1030\" height=\"773\" src=\"https:\/\/i0.wp.com\/lacasadelamaestra.com\/wp-content\/uploads\/2024\/01\/IMG_1138-scaled.jpeg?fit=1030%2C773&ssl=1\" title='IMG_1138' alt='' srcset=\"https:\/\/i0.wp.com\/lacasadelamaestra.com\/wp-content\/uploads\/2024\/01\/IMG_1138-scaled.jpeg?w=2560&amp;ssl=1 2560w, https:\/\/i0.wp.com\/lacasadelamaestra.com\/wp-content\/uploads\/2024\/01\/IMG_1138-scaled.jpeg?resize=300%2C225&amp;ssl=1 300w, https:\/\/i0.wp.com\/lacasadelamaestra.com\/wp-content\/uploads\/2024\/01\/IMG_1138-scaled.jpeg?resize=1030%2C773&amp;ssl=1 1030w, https:\/\/i0.wp.com\/lacasadelamaestra.com\/wp-content\/uploads\/2024\/01\/IMG_1138-scaled.jpeg?resize=768%2C576&amp;ssl=1 768w, https:\/\/i0.wp.com\/lacasadelamaestra.com\/wp-content\/uploads\/2024\/01\/IMG_1138-scaled.jpeg?resize=1536%2C1152&amp;ssl=1 1536w, https:\/\/i0.wp.com\/lacasadelamaestra.com\/wp-content\/uploads\/2024\/01\/IMG_1138-scaled.jpeg?resize=2048%2C1536&amp;ssl=1 2048w, https:\/\/i0.wp.com\/lacasadelamaestra.com\/wp-content\/uploads\/2024\/01\/IMG_1138-scaled.jpeg?resize=1500%2C1125&amp;ssl=1 1500w, https:\/\/i0.wp.com\/lacasadelamaestra.com\/wp-content\/uploads\/2024\/01\/IMG_1138-scaled.jpeg?resize=705%2C529&amp;ssl=1 705w\" sizes=\"(max-width: 1030px) 100vw, 1030px\" \/><a href=\"https:\/\/i0.wp.com\/lacasadelamaestra.com\/wp-content\/uploads\/2024\/01\/IMG_1138-scaled.jpeg?fit=1030%2C773&amp;ssl=1\" data-srcset=\"https:\/\/i0.wp.com\/lacasadelamaestra.com\/wp-content\/uploads\/2024\/01\/IMG_1138-scaled.jpeg?w=2560&amp;ssl=1 2560w, https:\/\/i0.wp.com\/lacasadelamaestra.com\/wp-content\/uploads\/2024\/01\/IMG_1138-scaled.jpeg?resize=300%2C225&amp;ssl=1 300w, https:\/\/i0.wp.com\/lacasadelamaestra.com\/wp-content\/uploads\/2024\/01\/IMG_1138-scaled.jpeg?resize=1030%2C773&amp;ssl=1 1030w, https:\/\/i0.wp.com\/lacasadelamaestra.com\/wp-content\/uploads\/2024\/01\/IMG_1138-scaled.jpeg?resize=768%2C576&amp;ssl=1 768w, https:\/\/i0.wp.com\/lacasadelamaestra.com\/wp-content\/uploads\/2024\/01\/IMG_1138-scaled.jpeg?resize=1536%2C1152&amp;ssl=1 1536w, https:\/\/i0.wp.com\/lacasadelamaestra.com\/wp-content\/uploads\/2024\/01\/IMG_1138-scaled.jpeg?resize=2048%2C1536&amp;ssl=1 2048w, https:\/\/i0.wp.com\/lacasadelamaestra.com\/wp-content\/uploads\/2024\/01\/IMG_1138-scaled.jpeg?resize=1500%2C1125&amp;ssl=1 1500w, https:\/\/i0.wp.com\/lacasadelamaestra.com\/wp-content\/uploads\/2024\/01\/IMG_1138-scaled.jpeg?resize=705%2C529&amp;ssl=1 705w\" data-sizes=\"(max-width: 1030px) 100vw, 1030px\" class='av-horizontal-gallery-link' aria-hidden='true' data-av_icon='\ue869' data-av_iconfont='entypo-fontello' title='Vilavedelle' alt=''><\/a><\/div><\/div><\/div><\/div>\n","protected":false},"excerpt":{"rendered":"","protected":false},"author":3,"featured_media":0,"parent":0,"menu_order":0,"comment_status":"closed","ping_status":"closed","template":"","meta":{"footnotes":""},"class_list":["post-3727","page","type-page","status-publish","hentry"],"_links":{"self":[{"href":"https:\/\/lacasadelamaestra.com\/es\/wp-json\/wp\/v2\/pages\/3727","targetHints":{"allow":["GET"]}}],"collection":[{"href":"https:\/\/lacasadelamaestra.com\/es\/wp-json\/wp\/v2\/pages"}],"about":[{"href":"https:\/\/lacasadelamaestra.com\/es\/wp-json\/wp\/v2\/types\/page"}],"author":[{"embeddable":true,"href":"https:\/\/lacasadelamaestra.com\/es\/wp-json\/wp\/v2\/users\/3"}],"replies":[{"embeddable":true,"href":"https:\/\/lacasadelamaestra.com\/es\/wp-json\/wp\/v2\/comments?post=3727"}],"version-history":[{"count":1,"href":"https:\/\/lacasadelamaestra.com\/es\/wp-json\/wp\/v2\/pages\/3727\/revisions"}],"predecessor-version":[{"id":5368,"href":"https:\/\/lacasadelamaestra.com\/es\/wp-json\/wp\/v2\/pages\/3727\/revisions\/5368"}],"wp:attachment":[{"href":"https:\/\/lacasadelamaestra.com\/es\/wp-json\/wp\/v2\/media?parent=3727"}],"curies":[{"name":"wp","href":"https:\/\/api.w.org\/{rel}","templated":true}]}}