{"id":3679,"date":"2024-01-21T10:47:25","date_gmt":"2024-01-21T10:47:25","guid":{"rendered":"https:\/\/lacasadelamaestra.com\/?page_id=3679"},"modified":"2026-01-12T12:42:55","modified_gmt":"2026-01-12T12:42:55","slug":"la-casa-de-la-maestra","status":"publish","type":"page","link":"https:\/\/lacasadelamaestra.com\/es\/la-casa-de-la-maestra\/","title":{"rendered":"La Casa de la Maestra"},"content":{"rendered":"<div class='flex_column av-m01n3-006661d9e0446d4df74b53c5733ec4a5 av_one_half  avia-builder-el-0  el_before_av_one_half  avia-builder-el-first  first flex_column_div '   ><section  class='av_textblock_section av-lrne9od9-a0c40e83efd9449429ef25540d1ca50b'  itemscope=\"itemscope\" itemtype=\"https:\/\/schema.org\/CreativeWork\" ><div class='avia_textblock'  itemprop=\"text\" ><h1><\/h1>\n<h1><strong>La Casa de la Maestra<\/strong><\/h1>\n<\/div><\/section><br \/>\n\n<style type=\"text\/css\" data-created_by=\"avia_inline_auto\" id=\"style-css-av-5hf7bj-df9d5fdb6022c614e79ca167288d0484\">\n#top .hr.hr-invisible.av-5hf7bj-df9d5fdb6022c614e79ca167288d0484{\nheight:10px;\n}\n<\/style>\n<div  class='hr av-5hf7bj-df9d5fdb6022c614e79ca167288d0484 hr-invisible  avia-builder-el-2  el_after_av_textblock  el_before_av_textblock '><span class='hr-inner '><span class=\"hr-inner-style\"><\/span><\/span><\/div><br \/>\n<section  class='av_textblock_section av-8knm9r-998ec38941e8f98bede610e929a5757e'  itemscope=\"itemscope\" itemtype=\"https:\/\/schema.org\/CreativeWork\" ><div class='avia_textblock'  itemprop=\"text\" ><p style=\"text-align: justify;\">A orillas de la R\u00eda del EO se sit\u00faa Vilavedelle, una peque\u00f1a y silenciosa aldea en la que nos abre sus puertas <strong>La Casa de la Maestra.<\/strong><\/p>\n<p style=\"text-align: justify;\">Esta sencilla casa de aldea con horreo, quiere convertirse en refugio para la mente y tambi\u00e9n para el alma. Desde sus ventanas la naturaleza te invita a adentrarte en el paisaje azul\u00a0 de r\u00eda y en el verde asturiano del bosque y\u00a0 la monta\u00f1a.<\/p>\n<p style=\"text-align: justify;\">Consta de dos edificios, la Casa Grande y el Pajar; entre ambos se pueden alojar hasta 14 personas.<\/p>\n<\/div><\/section><br \/>\n<section  class='av_textblock_section av-lrne71cd-530894add10fa018592d9b903bbf7d92'  itemscope=\"itemscope\" itemtype=\"https:\/\/schema.org\/CreativeWork\" ><div class='avia_textblock'  itemprop=\"text\" ><p style=\"text-align: justify;\"><strong>La Casa de la Maestra<\/strong> es un lugar \u00fanico. Ha sido restaurada cuidadosamente, con un doble prop\u00f3sito:<\/p>\n<ul style=\"text-align: justify;\">\n<li>Lugar de encuentro para repensar la escuela. Un espacio de formaci\u00f3n para docentes, donde hablar de educaci\u00f3n, aprender, dialogar, compartir experiencias y seguir creciendo.<\/li>\n<li>Casa de turismo rural para disfrutar con familiares y amigos, como forma de hacer sostenible el prop\u00f3sito anterior.<\/li>\n<\/ul>\n<p style=\"text-align: justify;\">Un espacio particular de ambiente c\u00e1lido y acogedor, que pretende ser motor de cambio en el mundo educativo, y a su vez un lugar de encuentro que se renueva de forma permanente. A trav\u00e9s de esta p\u00e1gina quisi\u00e9ramos transmitirte las muchas razones que puedes descubrir\u00a0 para querer estar all\u00ed.<\/p>\n<p>(Dibujo: Jose Luis Benito)<\/p>\n<\/div><\/section><\/p><\/div><div class='flex_column av-4nnbcv-ab3c6b365f197ffe275d55483983d142 av_one_half  avia-builder-el-5  el_after_av_one_half  el_before_av_hr  flex_column_div '   ><p>\n<style type=\"text\/css\" data-created_by=\"avia_inline_auto\" id=\"style-css-av-lu8lqmtd-a80cb9c7c9e12975fb5698211483e60d\">\n#top .hr.hr-invisible.av-lu8lqmtd-a80cb9c7c9e12975fb5698211483e60d{\nheight:80px;\n}\n<\/style>\n<div  class='hr av-lu8lqmtd-a80cb9c7c9e12975fb5698211483e60d hr-invisible  avia-builder-el-6  el_before_av_image  avia-builder-el-first '><span class='hr-inner '><span class=\"hr-inner-style\"><\/span><\/span><\/div><br \/>\n\n<style type=\"text\/css\" data-created_by=\"avia_inline_auto\" id=\"style-css-av-lrne8h8n-8023e8191abd0360030573e098b1c92d\">\n.avia-image-container.av-lrne8h8n-8023e8191abd0360030573e098b1c92d .av-image-caption-overlay-center{\ncolor:#ffffff;\n}\n<\/style>\n<div  class='avia-image-container av-lrne8h8n-8023e8191abd0360030573e098b1c92d av-styling- avia-align-center  avia-builder-el-7  el_after_av_hr  avia-builder-el-last '  itemprop=\"image\" itemscope=\"itemscope\" itemtype=\"https:\/\/schema.org\/ImageObject\" ><div class=\"avia-image-container-inner\"><div class=\"avia-image-overlay-wrap\"><img decoding=\"async\" class='wp-image-4117 avia-img-lazy-loading-not-4117 avia_image' src=\"https:\/\/i0.wp.com\/lacasadelamaestra.com\/wp-content\/uploads\/2024\/03\/IMG_2404-scaled.jpeg?fit=2560%2C1834&ssl=1\" alt='' title='IMG_2404'  height=\"1834\" width=\"2560\"  itemprop=\"thumbnailUrl\" srcset=\"https:\/\/i0.wp.com\/lacasadelamaestra.com\/wp-content\/uploads\/2024\/03\/IMG_2404-scaled.jpeg?w=2560&amp;ssl=1 2560w, https:\/\/i0.wp.com\/lacasadelamaestra.com\/wp-content\/uploads\/2024\/03\/IMG_2404-scaled.jpeg?resize=300%2C215&amp;ssl=1 300w, https:\/\/i0.wp.com\/lacasadelamaestra.com\/wp-content\/uploads\/2024\/03\/IMG_2404-scaled.jpeg?resize=1030%2C738&amp;ssl=1 1030w, https:\/\/i0.wp.com\/lacasadelamaestra.com\/wp-content\/uploads\/2024\/03\/IMG_2404-scaled.jpeg?resize=768%2C550&amp;ssl=1 768w, https:\/\/i0.wp.com\/lacasadelamaestra.com\/wp-content\/uploads\/2024\/03\/IMG_2404-scaled.jpeg?resize=1536%2C1101&amp;ssl=1 1536w, https:\/\/i0.wp.com\/lacasadelamaestra.com\/wp-content\/uploads\/2024\/03\/IMG_2404-scaled.jpeg?resize=2048%2C1468&amp;ssl=1 2048w, https:\/\/i0.wp.com\/lacasadelamaestra.com\/wp-content\/uploads\/2024\/03\/IMG_2404-scaled.jpeg?resize=1500%2C1075&amp;ssl=1 1500w, https:\/\/i0.wp.com\/lacasadelamaestra.com\/wp-content\/uploads\/2024\/03\/IMG_2404-scaled.jpeg?resize=260%2C185&amp;ssl=1 260w, https:\/\/i0.wp.com\/lacasadelamaestra.com\/wp-content\/uploads\/2024\/03\/IMG_2404-scaled.jpeg?resize=705%2C505&amp;ssl=1 705w\" sizes=\"(max-width: 1500px) 100vw, 1500px\" \/><\/div><\/div><\/div><\/p><\/div><\/p>\n\n<style type=\"text\/css\" data-created_by=\"avia_inline_auto\" id=\"style-css-av-lrnebjc3-ae30261a1eb9853b8fed02855ad1b48f\">\n#top .hr.hr-invisible.av-lrnebjc3-ae30261a1eb9853b8fed02855ad1b48f{\nheight:40px;\n}\n<\/style>\n<div  class='hr av-lrnebjc3-ae30261a1eb9853b8fed02855ad1b48f hr-invisible  avia-builder-el-8  el_after_av_one_half  el_before_av_textblock '><span class='hr-inner '><span class=\"hr-inner-style\"><\/span><\/span><\/div>\n<section  class='av_textblock_section av-lt613jd3-2e938a760460f0790f014028c54e67f5'  itemscope=\"itemscope\" itemtype=\"https:\/\/schema.org\/CreativeWork\" ><div class='avia_textblock'  itemprop=\"text\" ><h1><\/h1>\n<h1><\/h1>\n<h1><strong>\u00bfPor qu\u00e9 la Casa de la Maestra?<\/strong><\/h1>\n<\/div><\/section>\n\n<style type=\"text\/css\" data-created_by=\"avia_inline_auto\" id=\"style-css-av-lrnecjjs-7b9ae41f00c7738c4209c1fec9bb1473\">\n#top .hr.hr-invisible.av-lrnecjjs-7b9ae41f00c7738c4209c1fec9bb1473{\nheight:10px;\n}\n<\/style>\n<div  class='hr av-lrnecjjs-7b9ae41f00c7738c4209c1fec9bb1473 hr-invisible  avia-builder-el-10  el_after_av_textblock  el_before_av_textblock '><span class='hr-inner '><span class=\"hr-inner-style\"><\/span><\/span><\/div>\n<section  class='av_textblock_section av-lt612gzq-6f34b8d6de831f6dc78cae780a5686f0'  itemscope=\"itemscope\" itemtype=\"https:\/\/schema.org\/CreativeWork\" ><div class='avia_textblock'  itemprop=\"text\" ><p class=\"_04xlpA direction-ltr align-justify para-style-body\" style=\"text-align: justify;\"><span class=\"WdYUQQ\">Castropol era el pueblo de nuestra abuela Luz, fundadora junto a su hermana Luisa, su sobrino Jaime,\u00a0 y mi padre, Gabriel,\u00a0 del Colegio San Patricio.<\/span><\/p>\n<p class=\"_04xlpA direction-ltr align-justify para-style-body\" style=\"text-align: justify;\"><span class=\"WdYUQQ\">Aunque muy especialmente para mis padres, La casa de la Maestra es un homenaje a todos ellos; a todas las personas que han contribuido a que entendamos que la educaci\u00f3n\u00a0 no es un camino, es&#8230; el \u00fanico camino para mejorar\u00a0 el mundo.<\/span><\/p>\n<p class=\"_04xlpA direction-ltr align-justify para-style-body\" style=\"text-align: justify;\"><span class=\"WdYUQQ\">La primera inspiraci\u00f3n viene de la mano de nuestra propia historia y de releer la labor de las Misiones pedag\u00f3gicas de Giner y Coss\u00edo.\u00a0<\/span><\/p>\n<p class=\"_04xlpA direction-ltr align-justify para-style-body\" style=\"text-align: left;\"><span class=\"WdYUQQ\">Tres razones principales convergen en el proyecto:<\/span><\/p>\n<ul style=\"text-align: left;\">\n<li><span class=\"WdYUQQ\">Nuestro origen asturiano y la estrecha y especial vinculaci\u00f3n a la R\u00eda del Eo.<\/span><\/li>\n<li><span class=\"WdYUQQ\">La experiencia del proyecto educativo familiar en San Patricio.<\/span><\/li>\n<li><span class=\"WdYUQQ\">La vocaci\u00f3n educadora y los postulados de los hombres y mujeres de la Instituci\u00f3n Libre de ense\u00f1anza.<\/span><\/li>\n<\/ul>\n<p>\u00abSer Maestro significa educar y dar alas a los anhelos que existen , embrionarios, en toda conciencia naciente\u00bb Julio Cortazar.<\/p>\n<\/div><\/section>\n\n<style type=\"text\/css\" data-created_by=\"avia_inline_auto\" id=\"style-css-av-4t8sfz-685b4ea086fe3bd678c54f614903a985\">\n#top .hr.hr-invisible.av-4t8sfz-685b4ea086fe3bd678c54f614903a985{\nheight:40px;\n}\n<\/style>\n<div  class='hr av-4t8sfz-685b4ea086fe3bd678c54f614903a985 hr-invisible  avia-builder-el-12  el_after_av_textblock  el_before_av_image '><span class='hr-inner '><span class=\"hr-inner-style\"><\/span><\/span><\/div>\n\n<style type=\"text\/css\" data-created_by=\"avia_inline_auto\" id=\"style-css-av-26dsmn-372cfc6612ce36249f82e3d13162bd4c\">\n.avia-image-container.av-26dsmn-372cfc6612ce36249f82e3d13162bd4c .av-image-caption-overlay-center{\ncolor:#ffffff;\n}\n<\/style>\n<div  class='avia-image-container av-26dsmn-372cfc6612ce36249f82e3d13162bd4c av-styling- avia-align-center  avia-builder-el-13  el_after_av_hr  el_before_av_one_half '  itemprop=\"image\" itemscope=\"itemscope\" itemtype=\"https:\/\/schema.org\/ImageObject\" ><div class=\"avia-image-container-inner\"><div class=\"avia-image-overlay-wrap\"><img decoding=\"async\" class='wp-image-3889 avia-img-lazy-loading-not-3889 avia_image' src=\"https:\/\/i0.wp.com\/lacasadelamaestra.com\/wp-content\/uploads\/2024\/02\/IMG_2214.jpeg?fit=2048%2C1536&ssl=1\" alt='' title='IMG_2214'  height=\"1536\" width=\"2048\"  itemprop=\"thumbnailUrl\" srcset=\"https:\/\/i0.wp.com\/lacasadelamaestra.com\/wp-content\/uploads\/2024\/02\/IMG_2214.jpeg?w=2048&amp;ssl=1 2048w, https:\/\/i0.wp.com\/lacasadelamaestra.com\/wp-content\/uploads\/2024\/02\/IMG_2214.jpeg?resize=300%2C225&amp;ssl=1 300w, https:\/\/i0.wp.com\/lacasadelamaestra.com\/wp-content\/uploads\/2024\/02\/IMG_2214.jpeg?resize=1030%2C773&amp;ssl=1 1030w, https:\/\/i0.wp.com\/lacasadelamaestra.com\/wp-content\/uploads\/2024\/02\/IMG_2214.jpeg?resize=768%2C576&amp;ssl=1 768w, https:\/\/i0.wp.com\/lacasadelamaestra.com\/wp-content\/uploads\/2024\/02\/IMG_2214.jpeg?resize=1536%2C1152&amp;ssl=1 1536w, https:\/\/i0.wp.com\/lacasadelamaestra.com\/wp-content\/uploads\/2024\/02\/IMG_2214.jpeg?resize=1500%2C1125&amp;ssl=1 1500w, https:\/\/i0.wp.com\/lacasadelamaestra.com\/wp-content\/uploads\/2024\/02\/IMG_2214.jpeg?resize=705%2C529&amp;ssl=1 705w\" sizes=\"(max-width: 1500px) 100vw, 1500px\" \/><\/div><\/div><\/div>\n<div class='flex_column av-2e958v-4559025b11fe12887cf2e7bfebbeb7d2 av_one_half  avia-builder-el-14  el_after_av_image  avia-builder-el-last  first flex_column_div '   ><\/div>\n","protected":false},"excerpt":{"rendered":"","protected":false},"author":3,"featured_media":0,"parent":0,"menu_order":0,"comment_status":"closed","ping_status":"closed","template":"","meta":{"footnotes":""},"class_list":["post-3679","page","type-page","status-publish","hentry"],"_links":{"self":[{"href":"https:\/\/lacasadelamaestra.com\/es\/wp-json\/wp\/v2\/pages\/3679","targetHints":{"allow":["GET"]}}],"collection":[{"href":"https:\/\/lacasadelamaestra.com\/es\/wp-json\/wp\/v2\/pages"}],"about":[{"href":"https:\/\/lacasadelamaestra.com\/es\/wp-json\/wp\/v2\/types\/page"}],"author":[{"embeddable":true,"href":"https:\/\/lacasadelamaestra.com\/es\/wp-json\/wp\/v2\/users\/3"}],"replies":[{"embeddable":true,"href":"https:\/\/lacasadelamaestra.com\/es\/wp-json\/wp\/v2\/comments?post=3679"}],"version-history":[{"count":2,"href":"https:\/\/lacasadelamaestra.com\/es\/wp-json\/wp\/v2\/pages\/3679\/revisions"}],"predecessor-version":[{"id":5371,"href":"https:\/\/lacasadelamaestra.com\/es\/wp-json\/wp\/v2\/pages\/3679\/revisions\/5371"}],"wp:attachment":[{"href":"https:\/\/lacasadelamaestra.com\/es\/wp-json\/wp\/v2\/media?parent=3679"}],"curies":[{"name":"wp","href":"https:\/\/api.w.org\/{rel}","templated":true}]}}