{"id":3756,"date":"2024-01-24T16:43:53","date_gmt":"2024-01-24T16:43:53","guid":{"rendered":"https:\/\/lacasadelamaestra.com\/?page_id=3756"},"modified":"2026-01-12T12:42:53","modified_gmt":"2026-01-12T12:42:53","slug":"historia","status":"publish","type":"page","link":"https:\/\/lacasadelamaestra.com\/en\/historia\/","title":{"rendered":"History of our Hamlet"},"content":{"rendered":"<style type=\"text\/css\" data-created_by=\"avia_inline_auto\" id=\"style-css-av-lrs0c5ii-2cb84eb6adc2474f4ce64a116d3f0d9c\">\n.avia-image-container.av-lrs0c5ii-2cb84eb6adc2474f4ce64a116d3f0d9c .av-image-caption-overlay-center{\ncolor:#ffffff;\n}\n<\/style>\n<div  class='avia-image-container av-lrs0c5ii-2cb84eb6adc2474f4ce64a116d3f0d9c av-styling- avia-align-center  avia-builder-el-0  el_before_av_hr  avia-builder-el-first'  itemprop=\"image\" itemscope=\"itemscope\" itemtype=\"https:\/\/schema.org\/ImageObject\" ><div class=\"avia-image-container-inner\"><div class=\"avia-image-overlay-wrap\"><img decoding=\"async\" class='wp-image-3402 avia-img-lazy-loading-not-3402 avia_image' src=\"https:\/\/i0.wp.com\/lacasadelamaestra.com\/wp-content\/uploads\/2023\/05\/elentorno_img1.png?fit=1024%2C404&ssl=1\" alt='La casa de la maestra' title='elentorno_img1'  height=\"404\" width=\"1024\"  itemprop=\"thumbnailUrl\" srcset=\"https:\/\/i0.wp.com\/lacasadelamaestra.com\/wp-content\/uploads\/2023\/05\/elentorno_img1.png?w=1024&amp;ssl=1 1024w, https:\/\/i0.wp.com\/lacasadelamaestra.com\/wp-content\/uploads\/2023\/05\/elentorno_img1.png?resize=300%2C118&amp;ssl=1 300w, https:\/\/i0.wp.com\/lacasadelamaestra.com\/wp-content\/uploads\/2023\/05\/elentorno_img1.png?resize=768%2C303&amp;ssl=1 768w, https:\/\/i0.wp.com\/lacasadelamaestra.com\/wp-content\/uploads\/2023\/05\/elentorno_img1.png?resize=705%2C278&amp;ssl=1 705w\" sizes=\"(max-width: 1024px) 100vw, 1024px\" \/><\/div><\/div><\/div>\n\n<style type=\"text\/css\" data-created_by=\"avia_inline_auto\" id=\"style-css-av-lrs0azeq-7898e1ad889cad26584cbb32c1f2b12f\">\n#top .hr.hr-invisible.av-lrs0azeq-7898e1ad889cad26584cbb32c1f2b12f{\nheight:40px;\n}\n<\/style>\n<div  class='hr av-lrs0azeq-7898e1ad889cad26584cbb32c1f2b12f hr-invisible  avia-builder-el-1  el_after_av_image  el_before_av_textblock'><span class='hr-inner'><span class=\"hr-inner-style\"><\/span><\/span><\/div>\n<section  class='av_textblock_section av-lrs09zv2-6378fc017ebab319a109e538265d092f'  itemscope=\"itemscope\" itemtype=\"https:\/\/schema.org\/CreativeWork\" ><div class='avia_textblock'  itemprop=\"text\" ><h1>History of our Hamlet<\/h1>\n<\/div><\/section>\n\n<style type=\"text\/css\" data-created_by=\"avia_inline_auto\" id=\"style-css-av-1zlo3w-b45603da523f5b7d87adc5bd1a6f4885\">\n#top .hr.hr-invisible.av-1zlo3w-b45603da523f5b7d87adc5bd1a6f4885{\nheight:10px;\n}\n<\/style>\n<div  class='hr av-1zlo3w-b45603da523f5b7d87adc5bd1a6f4885 hr-invisible  avia-builder-el-3  el_after_av_textblock  el_before_av_textblock'><span class='hr-inner'><span class=\"hr-inner-style\"><\/span><\/span><\/div>\n<section  class='av_textblock_section av-26cxto-08a8f4b4a45c774ad11dd429e822e230'  itemscope=\"itemscope\" itemtype=\"https:\/\/schema.org\/CreativeWork\" ><div class='avia_textblock'  itemprop=\"text\" ><div dir=\"ltr\" style=\"text-align: justify;\">\n<p>Vilavedelle is not just a common hamlet. In the nearby area (Villadun, Arnao, Figueras\u2026) you can find remains dating from the Acheulean culture and from the protohistoric period, as well as a large number of catalogued forts.<\/p>\n<p>In those remote times, the region was inhabited by the Egobarros, who were included in the Lugo area during the Roman domination, which at the time reached the Navia River.<\/p>\n<p>Already in the Middle Ages, the municipality of Castropol appeared as a recognized settlement dependent on the Monastery of Taule (currently Tol, very close to our hamlet) and later also influenced by the enormous power of the Monastery of San Juan de Corias. This area was, for a long time, in continuous disputes with the area of Lugo.<\/p>\n<\/div>\n<div dir=\"ltr\" style=\"text-align: justify;\">\n<p>In 1154, King Alfonso VII put an end to the disputes by ceding the lands between the Eo and Navia rivers to the prelate of Oviedo. Since then, and despite historical rivalries between the two banks, Castropol and the area of Vilavedelle have remained linked to Asturias.<\/p>\n<p>Around 1275, Alfonso X \u201cthe Wise\u201d founded Puebla de Rovoredo (now Reboledo), which appears to be the first town to emerge in Asturias, possibly at the request of Ribadeo, and prior to the decision to create a new town in Castropol, a place with a marked defensive and commercial character.<br \/>\nA finales del siglo XIX, la idea de enlazar los acuartelamientos de artiller\u00eda del Ferrol con las f\u00e1bricas de armas y explosivos de Asturias, tom\u00f3 forma de ferrocarril. Se construyeron 110 t\u00faneles y 27 viaductos a lo largo de 320 kil\u00f3metros. 47 estaciones custodiaban su recorrido: Vilavedelle era una de ellas. A\u00fan hoy el tren de la FEVE tiene aqu\u00ed su parada.<br \/>\nEn el siglo XIX, con la invasi\u00f3n francesa se traslad\u00f3 la Junta Superior de Asturias a Castropol, \u00a0principal concejo de la zona libre. Fue un siglo convulso administrativamente para la Villa de Castropol lleg\u00e1ndose a trasladar a esta villa la capital judicial.<\/p>\n<p>In the 14th century, Castropol established itself as the economic and administrative centre between the Navia and Eo areas. However, disputes with the community of Ribadeo would continue until the 18th century. It was then that the English took Ribadeo, Castropol and other towns by the estuary, an occupation that lasted a short time after a ransom for their independence was paid. For a long time, Vilavedelle was also a meeting point and crossroads where cart wheels were repaired. The limestone that came from its quarries was highly valued for over a century. Some of it was transported by \u201ca lancha da pedra\u201d (stone barge) that sailed up the estuary to the ships waiting there. That same stone, the earth stone, followed a different path. In \u201cOs Caleiros\u201d, in Vilavedelle, it was heated for thirty-six hours until it became a kind of dust, which covered a large part of the cultivable land in western Asturias as fertilizer. This lime was not only used as a building material, but also as a disinfectant for contaminated places and very effective in its medicinal use against the typhus and cholera bacilli.<\/p>\n<p class=\"translation-block\">In the 19th century, during the French invasion, the \u201cJunta Superior de Asturias\u201d (Asturian Higher Committee) was moved to Castropol, the main municipality of the free zone. From the administrative point of view, it was a turbulent century for Castropol, with the legal capital being moved to this town.<\/p>\n<p>But it is at the beginning of the 20th century when singular movements coincided in the Ria del Eo which inspire the project presented here. In the summer of 1921, a group of friends who loved the area got together to found the Circulating Popular Library of Castropol and bring culture closer to the people, as a means to achieve both social development and democratic freedoms (as its founder, Vicente Loriente, explains). These ideas are reflected in the manifesto \u201cPor nuestra cultura\u201d (For Our Culture) published in the Castropol newspaper in October, 1921. On November 3rd, 1921, the statutes were presented as a private entity for public service, opening its doors on March 2nd, 1922. In 1924, in this context of intellectual concern, a new school opened its doors in Vilavedelle, the \u201cLolita P\u00e9rez\u201d national school (built with funding from Lolita\u2019s father, an Indiano from this town). In order to finance the library, neighbours went door to door trying to gather the funds required.   \nThe inspiring spirit of the library came from the \u201cInstituci\u00f3n Libre de Ense\u00f1anza \u201d (Independent Educational Institution), founded in 1876 by Giner de los R\u00edos, Azc\u00e1rate and Salmer\u00f3n. Together with great figures of national and international modernity, they promoted what in 1931 was the patron board of pedagogical missions, whose initial group included Coss\u00edo, \u00c1lvarez Santullano, Mart\u00ednez Torner and Alejandro Casona; Asturian most of them.<\/p>\n<p>This intellectual movement determined a profound change in Spanish education. In Castropol, all these liberal reformist ideas fell into the group led by Vicente Loriente, Indiano and philanthropist, creator of the political party \u201cOs Novos\u201d, which soon merged with the reformist party of Melquiades \u00c1lvarez, a disciple of Salmer\u00f3n (shot in 1936). All of this shaped a cultural and educational movement around the \u201cBibliotecas Circulantes de Asturias\u201d (Circulation Libraries of Asturias), one of which -not the first nor the only one, but a special one - the best known and recognized- is the Popular Circulating Library of Castropol, the one that has its centre in Santiniebla (Cernuda\u2019s nickname for Castropol), \u201csick bird over the dark hill that moves toward the sea\u2026\u201d\nThe civil war placed Castropol in the national zone, and some organizations from the provincial capital moved over there. After the war, a gradual decline and a decrease in activity and population began, and it has continued unevenly to this day.<\/p>\n<\/div>\n<\/div><\/section>","protected":false},"excerpt":{"rendered":"","protected":false},"author":3,"featured_media":0,"parent":0,"menu_order":0,"comment_status":"closed","ping_status":"closed","template":"","meta":{"footnotes":""},"class_list":["post-3756","page","type-page","status-publish","hentry"],"_links":{"self":[{"href":"https:\/\/lacasadelamaestra.com\/en\/wp-json\/wp\/v2\/pages\/3756","targetHints":{"allow":["GET"]}}],"collection":[{"href":"https:\/\/lacasadelamaestra.com\/en\/wp-json\/wp\/v2\/pages"}],"about":[{"href":"https:\/\/lacasadelamaestra.com\/en\/wp-json\/wp\/v2\/types\/page"}],"author":[{"embeddable":true,"href":"https:\/\/lacasadelamaestra.com\/en\/wp-json\/wp\/v2\/users\/3"}],"replies":[{"embeddable":true,"href":"https:\/\/lacasadelamaestra.com\/en\/wp-json\/wp\/v2\/comments?post=3756"}],"version-history":[{"count":1,"href":"https:\/\/lacasadelamaestra.com\/en\/wp-json\/wp\/v2\/pages\/3756\/revisions"}],"predecessor-version":[{"id":4669,"href":"https:\/\/lacasadelamaestra.com\/en\/wp-json\/wp\/v2\/pages\/3756\/revisions\/4669"}],"wp:attachment":[{"href":"https:\/\/lacasadelamaestra.com\/en\/wp-json\/wp\/v2\/media?parent=3756"}],"curies":[{"name":"wp","href":"https:\/\/api.w.org\/{rel}","templated":true}]}}