{"id":5390,"date":"2026-02-23T20:54:32","date_gmt":"2026-02-23T20:54:32","guid":{"rendered":"https:\/\/lacasadelamaestra.com\/?page_id=5390"},"modified":"2026-02-23T21:03:47","modified_gmt":"2026-02-23T21:03:47","slug":"apasionarse-para-apasionar-jornada-educativa-en-castropol","status":"publish","type":"page","link":"http:\/\/lacasadelamaestra.com\/en\/apasionarse-para-apasionar-jornada-educativa-en-castropol\/","title":{"rendered":"Apasionarse para apasionar: Jornada educativa en Castropol"},"content":{"rendered":"<p><strong>Apasionarse para apasionar: Jornada educativa en Castropol<\/strong><\/p>\n\n\n\n<h2 class=\"wp-block-heading\"><strong>Apasionarse para apasionar: Jornada educativa en Castropol<\/strong><\/h2>\n\n\n\n<p><strong>UNA JORNADA DEDICADA A LA EDUCACI\u00d3N Y LA CREATIVIDAD ORGANIZADA POR LA CASA DE LA MAESTRA Y GRUPO ANAYA<\/strong><\/p>\n\n\n\n<p>La Casa de Cultura de Castropol acoger\u00e1 el pr\u00f3ximo <strong>viernes 13 de marzo<\/strong> una jornada educativa dirigida a ni\u00f1os, ni\u00f1as, j\u00f3venes, familias y docentes bajo el t\u00edtulo \u00abApasionarse para apasionar\u00bb. El evento, organizado por La Casa de la Maestra y patrocinado por Grupo Anaya, combina actividades l\u00fadicas, formaci\u00f3n y cultura en una tarde pensada para toda la comunidad educativa.<\/p>\n\n\n\n<p><strong>Juegos desenchufados al aire libre<\/strong><\/p>\n\n\n\n<p>La jornada dar\u00e1 comienzo a las <strong>17:30 horas en el Parque de Vicente Loriente<\/strong> con juegos desenchufados para personas de todas las edades, una propuesta que invita a disfrutar del ocio sin pantallas y a conectar con el juego tradicional en un entorno natural.<\/p>\n\n\n\n<p><strong>Programa en la Casa de Cultura<\/strong><\/p>\n\n\n\n<p>A partir de las <strong>18:00 horas<\/strong>, el sal\u00f3n de actos de la Casa de Cultura albergar\u00e1 el desarrollo principal de la jornada con las siguientes actividades:<\/p>\n\n\n\n<ul class=\"wp-block-list\">\n<li><strong>18:00 h<\/strong> \u2013 Presentaci\u00f3n \u00abApasionarse para apasionar\u00bb a cargo de <strong>Almudena Alcon Mart\u00edn<\/strong>, representante de Grupo Anaya.<\/li>\n\n\n\n<li><strong>18:30 h<\/strong> \u2013 Conferencia de introducci\u00f3n al curso de La Casa de la Maestra: <strong>\u00abLas cartas que se esperan\u00bb<\/strong>, impartida por <strong>Paz Olivares<\/strong>, escritora, profesora y cofundadora de la editorial ni\u00f1os gratis*.<\/li>\n\n\n\n<li><strong>19:15 h<\/strong> \u2013 Pausa-caf\u00e9, cortes\u00eda de Grupo Anaya.<\/li>\n\n\n\n<li><strong>19:30 h<\/strong> \u2013 Concierto <strong>\u00abCartas que acaban siendo canciones\u00bb<\/strong> a cargo de <strong>A Pedreira<\/strong>. La cantautora mari\u00f1ana ofrecer\u00e1 una actuaci\u00f3n \u00edntima en solitario con su voz y su guitarra, explorando los v\u00ednculos entre poes\u00eda y canci\u00f3n, donde, en sus propias palabras, \u00aba veces el poema y la canci\u00f3n duermen juntos y otras, en camas separadas\u00bb.<\/li>\n<\/ul>\n\n\n\n<p><strong>Una apuesta por la educaci\u00f3n con pasi\u00f3n<\/strong><\/p>\n\n\n\n<p>Esta jornada refleja el compromiso de La Casa de la Maestra y Grupo Anaya por fomentar una educaci\u00f3n basada en la pasi\u00f3n, la creatividad y el encuentro entre generaciones. La entrada es libre y se invita a toda la comunidad a participar en esta tarde de aprendizaje, juego y cultura.<\/p>\n\n\n\n<p><strong>M\u00e1s informaci\u00f3n:<\/strong><\/p>\n\n\n\n<p>lacasadelamaestra.com | <a href=\"mailto:info@lacasadelamaestra.com\">info@lacasadelamaestra.com<\/a> | +34 607 799 024<\/p>\n\n\n\n<p><\/p>\n\n\n\n<div class=\"wp-block-buttons is-content-justification-center is-layout-flex wp-container-core-buttons-is-layout-16018d1d wp-block-buttons-is-layout-flex\">\n<div class=\"wp-block-button\"><a class=\"wp-block-button__link has-col-ffffff-color has-col-3-f-4-b-54-background-color has-text-color has-background has-link-color wp-element-button\" href=\"https:\/\/docs.google.com\/forms\/d\/e\/1FAIpQLScxZMqcXSEjqEHm0Ra0_SqtZaw0ulkobZtBjkJ54nlgJaXCbQ\/viewform\">Inscr\u00edbete aqu\u00ed<\/a><\/div>\n<\/div>\n\n\n\n<div style=\"height:100px\" aria-hidden=\"true\" class=\"wp-block-spacer\"><\/div>\n\n\n<div class=\"wp-block-image\">\n<figure class=\"aligncenter size-large\"><img data-recalc-dims=\"1\" loading=\"lazy\" decoding=\"async\" width=\"824\" height=\"1030\" src=\"https:\/\/i0.wp.com\/lacasadelamaestra.com\/wp-content\/uploads\/2026\/02\/Cartel.jpg?resize=824%2C1030&#038;ssl=1\" alt=\"\" class=\"wp-image-5395\" srcset=\"https:\/\/i0.wp.com\/lacasadelamaestra.com\/wp-content\/uploads\/2026\/02\/Cartel.jpg?resize=824%2C1030&amp;ssl=1 824w, https:\/\/i0.wp.com\/lacasadelamaestra.com\/wp-content\/uploads\/2026\/02\/Cartel.jpg?resize=240%2C300&amp;ssl=1 240w, https:\/\/i0.wp.com\/lacasadelamaestra.com\/wp-content\/uploads\/2026\/02\/Cartel.jpg?resize=768%2C960&amp;ssl=1 768w, https:\/\/i0.wp.com\/lacasadelamaestra.com\/wp-content\/uploads\/2026\/02\/Cartel.jpg?resize=10%2C12&amp;ssl=1 10w, https:\/\/i0.wp.com\/lacasadelamaestra.com\/wp-content\/uploads\/2026\/02\/Cartel.jpg?resize=564%2C705&amp;ssl=1 564w, https:\/\/i0.wp.com\/lacasadelamaestra.com\/wp-content\/uploads\/2026\/02\/Cartel.jpg?w=1080&amp;ssl=1 1080w\" sizes=\"auto, (max-width: 824px) 100vw, 824px\" \/><\/figure>\n<\/div>","protected":false},"excerpt":{"rendered":"<p>Apasionarse para apasionar: Jornada educativa en Castropol Apasionarse para apasionar: Jornada educativa en Castropol UNA JORNADA DEDICADA A LA EDUCACI\u00d3N Y LA CREATIVIDAD ORGANIZADA POR LA CASA DE LA MAESTRA Y GRUPO ANAYA La Casa de Cultura de Castropol acoger\u00e1 el pr\u00f3ximo viernes 13 de marzo una jornada educativa dirigida a ni\u00f1os, ni\u00f1as, j\u00f3venes, familias [&hellip;]<\/p>\n","protected":false},"author":3,"featured_media":0,"parent":0,"menu_order":0,"comment_status":"closed","ping_status":"closed","template":"","meta":{"footnotes":""},"class_list":["post-5390","page","type-page","status-publish","hentry"],"_links":{"self":[{"href":"http:\/\/lacasadelamaestra.com\/en\/wp-json\/wp\/v2\/pages\/5390","targetHints":{"allow":["GET"]}}],"collection":[{"href":"http:\/\/lacasadelamaestra.com\/en\/wp-json\/wp\/v2\/pages"}],"about":[{"href":"http:\/\/lacasadelamaestra.com\/en\/wp-json\/wp\/v2\/types\/page"}],"author":[{"embeddable":true,"href":"http:\/\/lacasadelamaestra.com\/en\/wp-json\/wp\/v2\/users\/3"}],"replies":[{"embeddable":true,"href":"http:\/\/lacasadelamaestra.com\/en\/wp-json\/wp\/v2\/comments?post=5390"}],"version-history":[{"count":9,"href":"http:\/\/lacasadelamaestra.com\/en\/wp-json\/wp\/v2\/pages\/5390\/revisions"}],"predecessor-version":[{"id":5404,"href":"http:\/\/lacasadelamaestra.com\/en\/wp-json\/wp\/v2\/pages\/5390\/revisions\/5404"}],"wp:attachment":[{"href":"http:\/\/lacasadelamaestra.com\/en\/wp-json\/wp\/v2\/media?parent=5390"}],"curies":[{"name":"wp","href":"https:\/\/api.w.org\/{rel}","templated":true}]}}